{"id":1143,"date":"2022-08-08T20:50:08","date_gmt":"2022-08-08T23:50:08","guid":{"rendered":"https:\/\/www.paranaiba.ms.gov.br\/portal\/?page_id=1143"},"modified":"2025-03-11T20:10:52","modified_gmt":"2025-03-11T23:10:52","slug":"hino-oficial","status":"publish","type":"page","link":"https:\/\/www.paranaiba.ms.gov.br\/portal\/hino-oficial\/","title":{"rendered":"Hino Oficial"},"content":{"rendered":"<p><span id=\"header_title_text\"><b>Hino do munic\u00edpio de\u00a0<a class=\"extiw\" title=\"w:Parana\u00edba\" href=\"https:\/\/pt.wikipedia.org\/wiki\/Parana%C3%ADba\">Parana\u00edba<\/a><\/b><\/span><br \/>\n<i>Letra por\u00a0<span id=\"header_author_text\" class=\"vcard\"><span class=\"fn\">Antonio Lemos de Freitas &#8211; Tonico Lemos<\/span><\/span><\/i><br \/>\n<i>Melodia por\u00a0<span id=\"header_author_text\" class=\"vcard\"><span class=\"fn\">Luis Augusto Souza Abdala<\/span><\/span><\/i><\/p>\n<hr \/>\n<p>&nbsp;<\/p>\n<p>De Caiap\u00f3s descendentes<br \/>\nValente tribo guerreira<br \/>\nOstenta orgulhosamente<br \/>\nA bela ra\u00e7a trigueira.<\/p>\n<p><i>Do Bols\u00e3o-Capital<\/i><br \/>\n<i>\u00c9s fonte de nossa vida<\/i><br \/>\n<i>N\u00e3o existe outra igual<\/i><br \/>\n<i>Parana\u00edba querida.<\/i><\/p>\n<p>Os Garcias &#8211; bra\u00e7o forte<br \/>\nNossos \u00edndios conquistaram<br \/>\nEnfrentando a pr\u00f3pria morte<br \/>\nNossas matas desbravaram<\/p>\n<p><i>Do Bols\u00e3o-Capital<\/i><br \/>\n<i>\u00c9s fonte de nossa vida<\/i><br \/>\n<i>N\u00e3o existe outra igual<\/i><br \/>\n<i>Parana\u00edba querida.<\/i><\/p>\n<p>Piquiri primeira estrada<br \/>\nQue Taunay atravessou<br \/>\nInoc\u00eancia nossa amada<br \/>\nAo mundo inteiro encantou<\/p>\n<p><i>Do Bols\u00e3o-Capital<\/i><br \/>\n<i>\u00c9s fonte de nossa vida<\/i><br \/>\n<i>N\u00e3o existe outra igual<\/i><br \/>\n<i>Parana\u00edba querida.<\/i><\/p>\n","protected":false},"excerpt":{"rendered":"<p>Hino do munic\u00edpio de\u00a0Parana\u00edba Letra por\u00a0Antonio Lemos de Freitas &#8211; Tonico Lemos Melodia por\u00a0Luis Augusto Souza Abdala &nbsp; De Caiap\u00f3s descendentes Valente tribo guerreira Ostenta orgulhosamente A bela ra\u00e7a trigueira. Do Bols\u00e3o-Capital \u00c9s fonte de nossa vida N\u00e3o existe outra igual Parana\u00edba querida. Os Garcias &#8211; bra\u00e7o forte Nossos \u00edndios conquistaram Enfrentando a pr\u00f3pria morte&#8230;<\/p>\n","protected":false},"author":6,"featured_media":0,"parent":0,"menu_order":0,"comment_status":"closed","ping_status":"closed","template":"","meta":{"inline_featured_image":false,"footnotes":""},"class_list":["post-1143","page","type-page","status-publish","hentry"],"acf":[],"yoast_head":"<!-- This site is optimized with the Yoast SEO plugin v24.0 - https:\/\/yoast.com\/wordpress\/plugins\/seo\/ -->\n<title>Hino Oficial - Prefeitura Municipal de Parana\u00edba-MS<\/title>\n<meta name=\"robots\" content=\"index, follow, max-snippet:-1, max-image-preview:large, max-video-preview:-1\" \/>\n<link rel=\"canonical\" href=\"https:\/\/www.paranaiba.ms.gov.br\/portal\/hino-oficial\/\" \/>\n<meta name=\"twitter:label1\" content=\"Est. tempo de leitura\" \/>\n\t<meta name=\"twitter:data1\" content=\"1 minuto\" \/>\n<script type=\"application\/ld+json\" class=\"yoast-schema-graph\">{\"@context\":\"https:\/\/schema.org\",\"@graph\":[{\"@type\":\"WebPage\",\"@id\":\"https:\/\/www.paranaiba.ms.gov.br\/portal\/hino-oficial\/\",\"url\":\"https:\/\/www.paranaiba.ms.gov.br\/portal\/hino-oficial\/\",\"name\":\"Hino Oficial - Prefeitura Municipal de Parana\u00edba-MS\",\"isPartOf\":{\"@id\":\"https:\/\/www.paranaiba.ms.gov.br\/portal\/#website\"},\"datePublished\":\"2022-08-08T23:50:08+00:00\",\"dateModified\":\"2025-03-11T23:10:52+00:00\",\"breadcrumb\":{\"@id\":\"https:\/\/www.paranaiba.ms.gov.br\/portal\/hino-oficial\/#breadcrumb\"},\"inLanguage\":\"pt-BR\",\"potentialAction\":[{\"@type\":\"ReadAction\",\"target\":[\"https:\/\/www.paranaiba.ms.gov.br\/portal\/hino-oficial\/\"]}]},{\"@type\":\"BreadcrumbList\",\"@id\":\"https:\/\/www.paranaiba.ms.gov.br\/portal\/hino-oficial\/#breadcrumb\",\"itemListElement\":[{\"@type\":\"ListItem\",\"position\":1,\"name\":\"In\u00edcio\",\"item\":\"https:\/\/www.paranaiba.ms.gov.br\/portal\/\"},{\"@type\":\"ListItem\",\"position\":2,\"name\":\"Hino Oficial\"}]},{\"@type\":\"WebSite\",\"@id\":\"https:\/\/www.paranaiba.ms.gov.br\/portal\/#website\",\"url\":\"https:\/\/www.paranaiba.ms.gov.br\/portal\/\",\"name\":\"Prefeitura Municipal de Parana\u00edba-MS\",\"description\":\"Prefeitura Municipal de Parana\u00edba-MS\",\"publisher\":{\"@id\":\"https:\/\/www.paranaiba.ms.gov.br\/portal\/#organization\"},\"potentialAction\":[{\"@type\":\"SearchAction\",\"target\":{\"@type\":\"EntryPoint\",\"urlTemplate\":\"https:\/\/www.paranaiba.ms.gov.br\/portal\/?s={search_term_string}\"},\"query-input\":{\"@type\":\"PropertyValueSpecification\",\"valueRequired\":true,\"valueName\":\"search_term_string\"}}],\"inLanguage\":\"pt-BR\"},{\"@type\":\"Organization\",\"@id\":\"https:\/\/www.paranaiba.ms.gov.br\/portal\/#organization\",\"name\":\"Prefeitura Municipal de Parana\u00edba-MS\",\"url\":\"https:\/\/www.paranaiba.ms.gov.br\/portal\/\",\"logo\":{\"@type\":\"ImageObject\",\"inLanguage\":\"pt-BR\",\"@id\":\"https:\/\/www.paranaiba.ms.gov.br\/portal\/#\/schema\/logo\/image\/\",\"url\":\"https:\/\/www.paranaiba.ms.gov.br\/portal\/wp-content\/uploads\/2022\/11\/logo-rodape02.webp\",\"contentUrl\":\"https:\/\/www.paranaiba.ms.gov.br\/portal\/wp-content\/uploads\/2022\/11\/logo-rodape02.webp\",\"width\":556,\"height\":492,\"caption\":\"Prefeitura Municipal de Parana\u00edba-MS\"},\"image\":{\"@id\":\"https:\/\/www.paranaiba.ms.gov.br\/portal\/#\/schema\/logo\/image\/\"}}]}<\/script>\n<!-- \/ Yoast SEO plugin. -->","yoast_head_json":{"title":"Hino Oficial - Prefeitura Municipal de Parana\u00edba-MS","robots":{"index":"index","follow":"follow","max-snippet":"max-snippet:-1","max-image-preview":"max-image-preview:large","max-video-preview":"max-video-preview:-1"},"canonical":"https:\/\/www.paranaiba.ms.gov.br\/portal\/hino-oficial\/","twitter_misc":{"Est. tempo de leitura":"1 minuto"},"schema":{"@context":"https:\/\/schema.org","@graph":[{"@type":"WebPage","@id":"https:\/\/www.paranaiba.ms.gov.br\/portal\/hino-oficial\/","url":"https:\/\/www.paranaiba.ms.gov.br\/portal\/hino-oficial\/","name":"Hino Oficial - Prefeitura Municipal de Parana\u00edba-MS","isPartOf":{"@id":"https:\/\/www.paranaiba.ms.gov.br\/portal\/#website"},"datePublished":"2022-08-08T23:50:08+00:00","dateModified":"2025-03-11T23:10:52+00:00","breadcrumb":{"@id":"https:\/\/www.paranaiba.ms.gov.br\/portal\/hino-oficial\/#breadcrumb"},"inLanguage":"pt-BR","potentialAction":[{"@type":"ReadAction","target":["https:\/\/www.paranaiba.ms.gov.br\/portal\/hino-oficial\/"]}]},{"@type":"BreadcrumbList","@id":"https:\/\/www.paranaiba.ms.gov.br\/portal\/hino-oficial\/#breadcrumb","itemListElement":[{"@type":"ListItem","position":1,"name":"In\u00edcio","item":"https:\/\/www.paranaiba.ms.gov.br\/portal\/"},{"@type":"ListItem","position":2,"name":"Hino Oficial"}]},{"@type":"WebSite","@id":"https:\/\/www.paranaiba.ms.gov.br\/portal\/#website","url":"https:\/\/www.paranaiba.ms.gov.br\/portal\/","name":"Prefeitura Municipal de Parana\u00edba-MS","description":"Prefeitura Municipal de Parana\u00edba-MS","publisher":{"@id":"https:\/\/www.paranaiba.ms.gov.br\/portal\/#organization"},"potentialAction":[{"@type":"SearchAction","target":{"@type":"EntryPoint","urlTemplate":"https:\/\/www.paranaiba.ms.gov.br\/portal\/?s={search_term_string}"},"query-input":{"@type":"PropertyValueSpecification","valueRequired":true,"valueName":"search_term_string"}}],"inLanguage":"pt-BR"},{"@type":"Organization","@id":"https:\/\/www.paranaiba.ms.gov.br\/portal\/#organization","name":"Prefeitura Municipal de Parana\u00edba-MS","url":"https:\/\/www.paranaiba.ms.gov.br\/portal\/","logo":{"@type":"ImageObject","inLanguage":"pt-BR","@id":"https:\/\/www.paranaiba.ms.gov.br\/portal\/#\/schema\/logo\/image\/","url":"https:\/\/www.paranaiba.ms.gov.br\/portal\/wp-content\/uploads\/2022\/11\/logo-rodape02.webp","contentUrl":"https:\/\/www.paranaiba.ms.gov.br\/portal\/wp-content\/uploads\/2022\/11\/logo-rodape02.webp","width":556,"height":492,"caption":"Prefeitura Municipal de Parana\u00edba-MS"},"image":{"@id":"https:\/\/www.paranaiba.ms.gov.br\/portal\/#\/schema\/logo\/image\/"}}]}},"_links":{"self":[{"href":"https:\/\/www.paranaiba.ms.gov.br\/portal\/wp-json\/wp\/v2\/pages\/1143","targetHints":{"allow":["GET"]}}],"collection":[{"href":"https:\/\/www.paranaiba.ms.gov.br\/portal\/wp-json\/wp\/v2\/pages"}],"about":[{"href":"https:\/\/www.paranaiba.ms.gov.br\/portal\/wp-json\/wp\/v2\/types\/page"}],"author":[{"embeddable":true,"href":"https:\/\/www.paranaiba.ms.gov.br\/portal\/wp-json\/wp\/v2\/users\/6"}],"replies":[{"embeddable":true,"href":"https:\/\/www.paranaiba.ms.gov.br\/portal\/wp-json\/wp\/v2\/comments?post=1143"}],"version-history":[{"count":4,"href":"https:\/\/www.paranaiba.ms.gov.br\/portal\/wp-json\/wp\/v2\/pages\/1143\/revisions"}],"predecessor-version":[{"id":14505,"href":"https:\/\/www.paranaiba.ms.gov.br\/portal\/wp-json\/wp\/v2\/pages\/1143\/revisions\/14505"}],"wp:attachment":[{"href":"https:\/\/www.paranaiba.ms.gov.br\/portal\/wp-json\/wp\/v2\/media?parent=1143"}],"curies":[{"name":"wp","href":"https:\/\/api.w.org\/{rel}","templated":true}]}}