{"id":17137,"date":"2026-03-02T10:41:17","date_gmt":"2026-03-02T13:41:17","guid":{"rendered":"https:\/\/www.paranaiba.ms.gov.br\/portal\/?page_id=17137"},"modified":"2026-04-28T09:00:43","modified_gmt":"2026-04-28T12:00:43","slug":"lei-aldir-blanc-2","status":"publish","type":"page","link":"https:\/\/www.paranaiba.ms.gov.br\/portal\/lei-aldir-blanc-2\/","title":{"rendered":"Lei Aldir Blanc \u2013 Ciclo 2"},"content":{"rendered":"<p data-start=\"202\" data-end=\"495\"><img loading=\"lazy\" decoding=\"async\" class=\"alignnone wp-image-17152\" src=\"https:\/\/www.paranaiba.ms.gov.br\/portal\/wp-content\/uploads\/2026\/03\/353ea13a-79df-4217-818f-510fb8899025-768x334.png\" alt=\"\" width=\"938\" height=\"408\" srcset=\"https:\/\/www.paranaiba.ms.gov.br\/portal\/wp-content\/uploads\/2026\/03\/353ea13a-79df-4217-818f-510fb8899025-768x334.png 768w, https:\/\/www.paranaiba.ms.gov.br\/portal\/wp-content\/uploads\/2026\/03\/353ea13a-79df-4217-818f-510fb8899025-900x391.png 900w, https:\/\/www.paranaiba.ms.gov.br\/portal\/wp-content\/uploads\/2026\/03\/353ea13a-79df-4217-818f-510fb8899025-1536x668.png 1536w, https:\/\/www.paranaiba.ms.gov.br\/portal\/wp-content\/uploads\/2026\/03\/353ea13a-79df-4217-818f-510fb8899025-2048x891.png 2048w\" sizes=\"auto, (max-width: 938px) 100vw, 938px\" \/><\/p>\n<p data-start=\"202\" data-end=\"495\"><strong>A Pol\u00edtica Nacional Aldir Blanc de Fomento \u00e0 Cultura (PNAB)<\/strong>, institu\u00edda pela Lei n\u00ba 14.399\/2022, constitui uma pol\u00edtica p\u00fablica estruturante de financiamento cont\u00ednuo ao setor cultural em todo o territ\u00f3rio nacional, com execu\u00e7\u00e3o descentralizada por Estados e Munic\u00edpios.<\/p>\n<p data-start=\"497\" data-end=\"786\">No munic\u00edpio de Parana\u00edba, a PNAB \u00e9 executada pela Prefeitura Municipal, por meio do \u00f3rg\u00e3o gestor da Cultura, com acompanhamento do Conselho Municipal de Cultura, assegurando transpar\u00eancia, participa\u00e7\u00e3o social e respeito aos princ\u00edpios da administra\u00e7\u00e3o p\u00fablica.<\/p>\n<p data-start=\"497\" data-end=\"786\">Neste\u00a0segundo ciclo da PNAB, o Munic\u00edpio de Parana\u00edba recebeu o valor de<strong> R$ 315.645,28<\/strong>, destinado exclusivamente ao fomento cultural, com previs\u00e3o de lan\u00e7amento de edital em mar\u00e7o de 2026, conforme planejamento aprovado.<\/p>\n<p data-start=\"497\" data-end=\"786\">O per\u00edodo de <strong>inscri\u00e7\u00f5es \u00e9 de 03 a 18 de mar\u00e7o de 2026<\/strong>, para se inscrever \u00e9 necess\u00e1rio acessar o link e preencher o formul\u00e1rio:\u00a0<a href=\"https:\/\/forms.gle\/dQNJaURaVmxuvaLN9\">https:\/\/forms.gle\/dQNJaURaVmxuvaLN9<\/a><\/p>\n<p>&nbsp;<\/p>\n<p data-start=\"497\" data-end=\"786\"><strong>\u2022 EDITAIS:<\/strong><\/p>\n<p data-start=\"497\" data-end=\"786\"><a href=\"https:\/\/www.paranaiba.ms.gov.br\/portal\/wp-content\/uploads\/2026\/03\/Edital-01.26-PNAB-aldir-blanc-2.pdf\" target=\"_blank\" rel=\"noopener\">Edital 01\/2026 &#8211; Pol\u00edtica Nacional Aldir Blanc de Fomento \u00e0 Cultura<\/a><\/p>\n<p><a href=\"https:\/\/www.paranaiba.ms.gov.br\/portal\/wp-content\/uploads\/2026\/04\/EDITAL-02-26-PNAB-RESULTADO-PARCIAL.pdf\">Edital 02\/2026 &#8211; Resultado Parcial\u00a0<\/a><\/p>\n<p><a href=\"https:\/\/www.paranaiba.ms.gov.br\/portal\/wp-content\/uploads\/2026\/04\/largura-19cm.pdf\">Edital 03\/2026 &#8211; Resultado Final e Convoca\u00e7\u00e3o para apresenta\u00e7\u00e3o de documentos<\/a><\/p>\n<p>&nbsp;<\/p>\n<p><strong>\u2022 OUTROS DOCUMENTOS:<\/strong><\/p>\n<p><a href=\"https:\/\/www.paranaiba.ms.gov.br\/portal\/wp-content\/uploads\/2026\/03\/CRONOGRAMA-ALDIR-BLANC-2026.pdf\">CRONOGRAMA ALDIR BLANC &#8211; Ciclo 2<\/a><\/p>\n<p><a href=\"https:\/\/www.paranaiba.ms.gov.br\/portal\/wp-content\/uploads\/2026\/03\/DECRETO-No-1677-2026Nomeacao-dos-membros-do-Comite-Tecnico-Gestor-de-Acompanhamento-e-Fiscalizacao-da-Lei-Aldir-Blanc.pdf\">DECRETO N\u00ba 1677 2026 &#8211; Nomea\u00e7\u00e3o dos membros do Comit\u00ea T\u00e9cnico Gestor de Acompanhamento e Fiscaliza\u00e7\u00e3o da Lei Aldir Blanc<\/a><\/p>\n<p data-start=\"497\" data-end=\"786\">Manual de uso da marca:<br \/>\n<a href=\"https:\/\/www.gov.br\/cultura\/pt-br\/assuntos\/politica-nacional-aldir-blanc\/politica-nacional-aldir-blanc\/arquivos\/materiais-de-orientacao\/identidade-visual\/c2\/setembro-2025\/25_aldir-blanc-setembro-manual-marca\">https:\/\/www.gov.br\/cultura\/pt-br\/assuntos\/politica-nacional-aldir-blanc\/politica-nacional-aldir-blanc\/arquivos\/materiais-de-orientacao\/identidade-visual\/c2\/setembro-2025\/25_aldir-blanc-setembro-manual-marca<\/a><\/p>\n<h4 data-start=\"497\" data-end=\"786\"><\/h4>\n","protected":false},"excerpt":{"rendered":"<p>A Pol\u00edtica Nacional Aldir Blanc de Fomento \u00e0 Cultura (PNAB), institu\u00edda pela Lei n\u00ba 14.399\/2022, constitui uma pol\u00edtica p\u00fablica estruturante de financiamento cont\u00ednuo ao setor cultural em todo o territ\u00f3rio nacional, com execu\u00e7\u00e3o descentralizada por Estados e Munic\u00edpios. No munic\u00edpio de Parana\u00edba, a PNAB \u00e9 executada pela Prefeitura Municipal, por meio do \u00f3rg\u00e3o gestor da&#8230;<\/p>\n","protected":false},"author":14,"featured_media":0,"parent":0,"menu_order":0,"comment_status":"closed","ping_status":"closed","template":"","meta":{"inline_featured_image":false,"footnotes":""},"class_list":["post-17137","page","type-page","status-publish","hentry"],"acf":[],"yoast_head":"<!-- This site is optimized with the Yoast SEO plugin v24.0 - https:\/\/yoast.com\/wordpress\/plugins\/seo\/ -->\n<title>Lei Aldir Blanc \u2013 Ciclo 2 - Prefeitura Municipal de Parana\u00edba-MS<\/title>\n<meta name=\"robots\" content=\"index, follow, max-snippet:-1, max-image-preview:large, max-video-preview:-1\" \/>\n<link rel=\"canonical\" href=\"https:\/\/www.paranaiba.ms.gov.br\/portal\/lei-aldir-blanc-2\/\" \/>\n<meta name=\"twitter:label1\" content=\"Est. tempo de leitura\" \/>\n\t<meta name=\"twitter:data1\" content=\"1 minuto\" \/>\n<script type=\"application\/ld+json\" class=\"yoast-schema-graph\">{\"@context\":\"https:\/\/schema.org\",\"@graph\":[{\"@type\":\"WebPage\",\"@id\":\"https:\/\/www.paranaiba.ms.gov.br\/portal\/lei-aldir-blanc-2\/\",\"url\":\"https:\/\/www.paranaiba.ms.gov.br\/portal\/lei-aldir-blanc-2\/\",\"name\":\"Lei Aldir Blanc \u2013 Ciclo 2 - Prefeitura Municipal de Parana\u00edba-MS\",\"isPartOf\":{\"@id\":\"https:\/\/www.paranaiba.ms.gov.br\/portal\/#website\"},\"primaryImageOfPage\":{\"@id\":\"https:\/\/www.paranaiba.ms.gov.br\/portal\/lei-aldir-blanc-2\/#primaryimage\"},\"image\":{\"@id\":\"https:\/\/www.paranaiba.ms.gov.br\/portal\/lei-aldir-blanc-2\/#primaryimage\"},\"thumbnailUrl\":\"https:\/\/www.paranaiba.ms.gov.br\/portal\/wp-content\/uploads\/2026\/03\/353ea13a-79df-4217-818f-510fb8899025-768x334.png\",\"datePublished\":\"2026-03-02T13:41:17+00:00\",\"dateModified\":\"2026-04-28T12:00:43+00:00\",\"breadcrumb\":{\"@id\":\"https:\/\/www.paranaiba.ms.gov.br\/portal\/lei-aldir-blanc-2\/#breadcrumb\"},\"inLanguage\":\"pt-BR\",\"potentialAction\":[{\"@type\":\"ReadAction\",\"target\":[\"https:\/\/www.paranaiba.ms.gov.br\/portal\/lei-aldir-blanc-2\/\"]}]},{\"@type\":\"ImageObject\",\"inLanguage\":\"pt-BR\",\"@id\":\"https:\/\/www.paranaiba.ms.gov.br\/portal\/lei-aldir-blanc-2\/#primaryimage\",\"url\":\"https:\/\/www.paranaiba.ms.gov.br\/portal\/wp-content\/uploads\/2026\/03\/353ea13a-79df-4217-818f-510fb8899025-scaled.png\",\"contentUrl\":\"https:\/\/www.paranaiba.ms.gov.br\/portal\/wp-content\/uploads\/2026\/03\/353ea13a-79df-4217-818f-510fb8899025-scaled.png\",\"width\":2560,\"height\":1113},{\"@type\":\"BreadcrumbList\",\"@id\":\"https:\/\/www.paranaiba.ms.gov.br\/portal\/lei-aldir-blanc-2\/#breadcrumb\",\"itemListElement\":[{\"@type\":\"ListItem\",\"position\":1,\"name\":\"In\u00edcio\",\"item\":\"https:\/\/www.paranaiba.ms.gov.br\/portal\/\"},{\"@type\":\"ListItem\",\"position\":2,\"name\":\"Lei Aldir Blanc \u2013 Ciclo 2\"}]},{\"@type\":\"WebSite\",\"@id\":\"https:\/\/www.paranaiba.ms.gov.br\/portal\/#website\",\"url\":\"https:\/\/www.paranaiba.ms.gov.br\/portal\/\",\"name\":\"Prefeitura Municipal de Parana\u00edba-MS\",\"description\":\"Prefeitura Municipal de Parana\u00edba-MS\",\"publisher\":{\"@id\":\"https:\/\/www.paranaiba.ms.gov.br\/portal\/#organization\"},\"potentialAction\":[{\"@type\":\"SearchAction\",\"target\":{\"@type\":\"EntryPoint\",\"urlTemplate\":\"https:\/\/www.paranaiba.ms.gov.br\/portal\/?s={search_term_string}\"},\"query-input\":{\"@type\":\"PropertyValueSpecification\",\"valueRequired\":true,\"valueName\":\"search_term_string\"}}],\"inLanguage\":\"pt-BR\"},{\"@type\":\"Organization\",\"@id\":\"https:\/\/www.paranaiba.ms.gov.br\/portal\/#organization\",\"name\":\"Prefeitura Municipal de Parana\u00edba-MS\",\"url\":\"https:\/\/www.paranaiba.ms.gov.br\/portal\/\",\"logo\":{\"@type\":\"ImageObject\",\"inLanguage\":\"pt-BR\",\"@id\":\"https:\/\/www.paranaiba.ms.gov.br\/portal\/#\/schema\/logo\/image\/\",\"url\":\"https:\/\/www.paranaiba.ms.gov.br\/portal\/wp-content\/uploads\/2022\/11\/logo-rodape02.webp\",\"contentUrl\":\"https:\/\/www.paranaiba.ms.gov.br\/portal\/wp-content\/uploads\/2022\/11\/logo-rodape02.webp\",\"width\":556,\"height\":492,\"caption\":\"Prefeitura Municipal de Parana\u00edba-MS\"},\"image\":{\"@id\":\"https:\/\/www.paranaiba.ms.gov.br\/portal\/#\/schema\/logo\/image\/\"}}]}<\/script>\n<!-- \/ Yoast SEO plugin. -->","yoast_head_json":{"title":"Lei Aldir Blanc \u2013 Ciclo 2 - Prefeitura Municipal de Parana\u00edba-MS","robots":{"index":"index","follow":"follow","max-snippet":"max-snippet:-1","max-image-preview":"max-image-preview:large","max-video-preview":"max-video-preview:-1"},"canonical":"https:\/\/www.paranaiba.ms.gov.br\/portal\/lei-aldir-blanc-2\/","twitter_misc":{"Est. tempo de leitura":"1 minuto"},"schema":{"@context":"https:\/\/schema.org","@graph":[{"@type":"WebPage","@id":"https:\/\/www.paranaiba.ms.gov.br\/portal\/lei-aldir-blanc-2\/","url":"https:\/\/www.paranaiba.ms.gov.br\/portal\/lei-aldir-blanc-2\/","name":"Lei Aldir Blanc \u2013 Ciclo 2 - Prefeitura Municipal de Parana\u00edba-MS","isPartOf":{"@id":"https:\/\/www.paranaiba.ms.gov.br\/portal\/#website"},"primaryImageOfPage":{"@id":"https:\/\/www.paranaiba.ms.gov.br\/portal\/lei-aldir-blanc-2\/#primaryimage"},"image":{"@id":"https:\/\/www.paranaiba.ms.gov.br\/portal\/lei-aldir-blanc-2\/#primaryimage"},"thumbnailUrl":"https:\/\/www.paranaiba.ms.gov.br\/portal\/wp-content\/uploads\/2026\/03\/353ea13a-79df-4217-818f-510fb8899025-768x334.png","datePublished":"2026-03-02T13:41:17+00:00","dateModified":"2026-04-28T12:00:43+00:00","breadcrumb":{"@id":"https:\/\/www.paranaiba.ms.gov.br\/portal\/lei-aldir-blanc-2\/#breadcrumb"},"inLanguage":"pt-BR","potentialAction":[{"@type":"ReadAction","target":["https:\/\/www.paranaiba.ms.gov.br\/portal\/lei-aldir-blanc-2\/"]}]},{"@type":"ImageObject","inLanguage":"pt-BR","@id":"https:\/\/www.paranaiba.ms.gov.br\/portal\/lei-aldir-blanc-2\/#primaryimage","url":"https:\/\/www.paranaiba.ms.gov.br\/portal\/wp-content\/uploads\/2026\/03\/353ea13a-79df-4217-818f-510fb8899025-scaled.png","contentUrl":"https:\/\/www.paranaiba.ms.gov.br\/portal\/wp-content\/uploads\/2026\/03\/353ea13a-79df-4217-818f-510fb8899025-scaled.png","width":2560,"height":1113},{"@type":"BreadcrumbList","@id":"https:\/\/www.paranaiba.ms.gov.br\/portal\/lei-aldir-blanc-2\/#breadcrumb","itemListElement":[{"@type":"ListItem","position":1,"name":"In\u00edcio","item":"https:\/\/www.paranaiba.ms.gov.br\/portal\/"},{"@type":"ListItem","position":2,"name":"Lei Aldir Blanc \u2013 Ciclo 2"}]},{"@type":"WebSite","@id":"https:\/\/www.paranaiba.ms.gov.br\/portal\/#website","url":"https:\/\/www.paranaiba.ms.gov.br\/portal\/","name":"Prefeitura Municipal de Parana\u00edba-MS","description":"Prefeitura Municipal de Parana\u00edba-MS","publisher":{"@id":"https:\/\/www.paranaiba.ms.gov.br\/portal\/#organization"},"potentialAction":[{"@type":"SearchAction","target":{"@type":"EntryPoint","urlTemplate":"https:\/\/www.paranaiba.ms.gov.br\/portal\/?s={search_term_string}"},"query-input":{"@type":"PropertyValueSpecification","valueRequired":true,"valueName":"search_term_string"}}],"inLanguage":"pt-BR"},{"@type":"Organization","@id":"https:\/\/www.paranaiba.ms.gov.br\/portal\/#organization","name":"Prefeitura Municipal de Parana\u00edba-MS","url":"https:\/\/www.paranaiba.ms.gov.br\/portal\/","logo":{"@type":"ImageObject","inLanguage":"pt-BR","@id":"https:\/\/www.paranaiba.ms.gov.br\/portal\/#\/schema\/logo\/image\/","url":"https:\/\/www.paranaiba.ms.gov.br\/portal\/wp-content\/uploads\/2022\/11\/logo-rodape02.webp","contentUrl":"https:\/\/www.paranaiba.ms.gov.br\/portal\/wp-content\/uploads\/2022\/11\/logo-rodape02.webp","width":556,"height":492,"caption":"Prefeitura Municipal de Parana\u00edba-MS"},"image":{"@id":"https:\/\/www.paranaiba.ms.gov.br\/portal\/#\/schema\/logo\/image\/"}}]}},"_links":{"self":[{"href":"https:\/\/www.paranaiba.ms.gov.br\/portal\/wp-json\/wp\/v2\/pages\/17137","targetHints":{"allow":["GET"]}}],"collection":[{"href":"https:\/\/www.paranaiba.ms.gov.br\/portal\/wp-json\/wp\/v2\/pages"}],"about":[{"href":"https:\/\/www.paranaiba.ms.gov.br\/portal\/wp-json\/wp\/v2\/types\/page"}],"author":[{"embeddable":true,"href":"https:\/\/www.paranaiba.ms.gov.br\/portal\/wp-json\/wp\/v2\/users\/14"}],"replies":[{"embeddable":true,"href":"https:\/\/www.paranaiba.ms.gov.br\/portal\/wp-json\/wp\/v2\/comments?post=17137"}],"version-history":[{"count":29,"href":"https:\/\/www.paranaiba.ms.gov.br\/portal\/wp-json\/wp\/v2\/pages\/17137\/revisions"}],"predecessor-version":[{"id":17383,"href":"https:\/\/www.paranaiba.ms.gov.br\/portal\/wp-json\/wp\/v2\/pages\/17137\/revisions\/17383"}],"wp:attachment":[{"href":"https:\/\/www.paranaiba.ms.gov.br\/portal\/wp-json\/wp\/v2\/media?parent=17137"}],"curies":[{"name":"wp","href":"https:\/\/api.w.org\/{rel}","templated":true}]}}