{"id":1872,"date":"2022-12-05T18:28:24","date_gmt":"2022-12-05T21:28:24","guid":{"rendered":"https:\/\/www.paranaiba.ms.gov.br\/portal\/?page_id=1872"},"modified":"2022-12-20T12:26:50","modified_gmt":"2022-12-20T15:26:50","slug":"acordo-de-cooperacao","status":"publish","type":"page","link":"https:\/\/www.paranaiba.ms.gov.br\/portal\/acordo-de-cooperacao\/","title":{"rendered":"Acordo de Coopera\u00e7\u00e3o"},"content":{"rendered":"<p>O Munic\u00edpio de Parana\u00edba, por interm\u00e9dio da Secretaria Municipal de Meio Ambiente,com esteio na Lei n.\u00ba 11.445, de 5 de janeiro de 2007, Lei n.\u00ba 12.305, de 2 de agosto de 2010, Lei n.\u00ba 8.666\/93, Lei municipal n\u00ba 7.437\/2019 e demais normas regulamentares vigentes, aplic\u00e1veis a esp\u00e9cie e que regem a mat\u00e9ria, torna p\u00fablico o presente Edital de Chamamento P\u00fablico visando \u00e0 sele\u00e7\u00e3o de pessoa jur\u00eddica para realiza\u00e7\u00e3o de processamento e destina\u00e7\u00e3o dos materiais oriundos da coleta seletiva de res\u00edduos s\u00f3lidos.<\/p>\n<p>&nbsp;<\/p>\n<h3><strong>\u2022 Editais<\/strong><\/h3>\n<hr \/>\n<p>\u2022 <a href=\"https:\/\/www.paranaiba.ms.gov.br\/portal\/wp-content\/uploads\/2022\/12\/Edital-01-Edital-de-Chamamento.pdf\" target=\"_blank\" rel=\"noopener\">Edital 001\/2022 &#8211; Edital de chamamento p\u00fablico para acordo de coopera\u00e7\u00e3o<\/a><\/p>\n<p>&nbsp;<\/p>\n<h3><strong>\u2022 Anexos<\/strong><\/h3>\n<hr \/>\n<p>\u2022 <a href=\"https:\/\/www.paranaiba.ms.gov.br\/portal\/wp-content\/uploads\/2022\/12\/Anexo-I.docx\" target=\"_blank\" rel=\"noopener\">Anexo I<\/a><br \/>\n\u2022 <a href=\"https:\/\/www.paranaiba.ms.gov.br\/portal\/wp-content\/uploads\/2022\/12\/Anexo-II.docx\" target=\"_blank\" rel=\"noopener\">Anexo II<\/a><br \/>\n\u2022 <a href=\"https:\/\/www.paranaiba.ms.gov.br\/portal\/wp-content\/uploads\/2022\/12\/Anexo-III.docx\" target=\"_blank\" rel=\"noopener\">Anexo III<\/a><br \/>\n\u2022 <a href=\"https:\/\/www.paranaiba.ms.gov.br\/portal\/wp-content\/uploads\/2022\/12\/Anexo-IV-1.docx\" target=\"_blank\" rel=\"noopener\">Anexo IV<\/a><br \/>\n\u2022 <a href=\"https:\/\/www.paranaiba.ms.gov.br\/portal\/wp-content\/uploads\/2022\/12\/Anexo-V.docx\" target=\"_blank\" rel=\"noopener\">Anexo V<\/a><br \/>\n\u2022 <a href=\"https:\/\/www.paranaiba.ms.gov.br\/portal\/wp-content\/uploads\/2022\/12\/Anexo-VI.docx\" target=\"_blank\" rel=\"noopener\">Anexo VI<\/a><br \/>\n\u2022 <a href=\"https:\/\/www.paranaiba.ms.gov.br\/portal\/wp-content\/uploads\/2022\/12\/Anexo-VII-1.docx\" target=\"_blank\" rel=\"noopener\">Anexo VII<\/a><\/p>\n<p>&nbsp;<\/p>\n<h3><strong>\u2022 Resultados<\/strong><\/h3>\n<hr \/>\n<p>\u2022 <a href=\"https:\/\/www.paranaiba.ms.gov.br\/portal\/wp-content\/uploads\/2022\/12\/RESULTADO-PARA-PUBLICACAO.pdf\" target=\"_blank\" rel=\"noopener\">Resultado da Fase de Sele\u00e7\u00e3o do Edital de chamamento p\u00fablico n\u00ba 001\/2022<\/a><\/p>\n<p>\u2022 <a href=\"https:\/\/www.paranaiba.ms.gov.br\/portal\/wp-content\/uploads\/2022\/12\/retificacao-resultado-publicacao-14-12-2022.pdf\" target=\"_blank\" rel=\"noopener\">Retifica\u00e7\u00e3o do Resultado da &#8220;Fase de Sele\u00e7\u00e3o&#8221; do Edital de Chamamento P\u00fablico N\u00ba 001\/2022<\/a><\/p>\n<p>\u2022 <a href=\"https:\/\/www.paranaiba.ms.gov.br\/portal\/wp-content\/uploads\/2022\/12\/RESULTADO-DEFINITIVO-DA-FASE-DE-SELECAO-E-CONVOCACAO-PARA-CELEBRACAO-DO-ACORDO-DE-COOPERACAO-DO-CHAMAMENTO-PUBLICO-N.-0012022.pdf\" target=\"_blank\" rel=\"noopener\">Resultado Definitivo da Fase de Sele\u00e7\u00e3o e Convoca\u00e7\u00e3o para celebra\u00e7\u00e3o do Acordo de Coopera\u00e7\u00e3o do Chamamento P\u00fablico n\u00ba 0012022<\/a><\/p>\n<p>&nbsp;<\/p>\n<h3><strong>\u2022 Homologa\u00e7\u00e3o<\/strong><\/h3>\n<hr \/>\n<p>\u2022 <a href=\"https:\/\/www.paranaiba.ms.gov.br\/portal\/wp-content\/uploads\/2022\/12\/termo_homologacao-14-12-2022.pdf\" target=\"_blank\" rel=\"noopener\">Termo de Homologa\u00e7\u00e3o<\/a><\/p>\n<p>&nbsp;<\/p>\n<p>&nbsp;<\/p>\n","protected":false},"excerpt":{"rendered":"<p>O Munic\u00edpio de Parana\u00edba, por interm\u00e9dio da Secretaria Municipal de Meio Ambiente,com esteio na Lei n.\u00ba 11.445, de 5 de janeiro de 2007, Lei n.\u00ba 12.305, de 2 de agosto de 2010, Lei n.\u00ba 8.666\/93, Lei municipal n\u00ba 7.437\/2019 e demais normas regulamentares vigentes, aplic\u00e1veis a esp\u00e9cie e que regem a mat\u00e9ria, torna p\u00fablico o&#8230;<\/p>\n","protected":false},"author":6,"featured_media":0,"parent":0,"menu_order":0,"comment_status":"closed","ping_status":"closed","template":"","meta":{"inline_featured_image":false,"footnotes":""},"class_list":["post-1872","page","type-page","status-publish","hentry"],"acf":[],"yoast_head":"<!-- This site is optimized with the Yoast SEO plugin v24.0 - https:\/\/yoast.com\/wordpress\/plugins\/seo\/ -->\n<title>Acordo de Coopera\u00e7\u00e3o - Prefeitura Municipal de Parana\u00edba-MS<\/title>\n<meta name=\"robots\" content=\"index, follow, max-snippet:-1, max-image-preview:large, max-video-preview:-1\" \/>\n<link rel=\"canonical\" href=\"https:\/\/www.paranaiba.ms.gov.br\/portal\/acordo-de-cooperacao\/\" \/>\n<meta name=\"twitter:label1\" content=\"Est. tempo de leitura\" \/>\n\t<meta name=\"twitter:data1\" content=\"1 minuto\" \/>\n<script type=\"application\/ld+json\" class=\"yoast-schema-graph\">{\"@context\":\"https:\/\/schema.org\",\"@graph\":[{\"@type\":\"WebPage\",\"@id\":\"https:\/\/www.paranaiba.ms.gov.br\/portal\/acordo-de-cooperacao\/\",\"url\":\"https:\/\/www.paranaiba.ms.gov.br\/portal\/acordo-de-cooperacao\/\",\"name\":\"Acordo de Coopera\u00e7\u00e3o - Prefeitura Municipal de Parana\u00edba-MS\",\"isPartOf\":{\"@id\":\"https:\/\/www.paranaiba.ms.gov.br\/portal\/#website\"},\"datePublished\":\"2022-12-05T21:28:24+00:00\",\"dateModified\":\"2022-12-20T15:26:50+00:00\",\"breadcrumb\":{\"@id\":\"https:\/\/www.paranaiba.ms.gov.br\/portal\/acordo-de-cooperacao\/#breadcrumb\"},\"inLanguage\":\"pt-BR\",\"potentialAction\":[{\"@type\":\"ReadAction\",\"target\":[\"https:\/\/www.paranaiba.ms.gov.br\/portal\/acordo-de-cooperacao\/\"]}]},{\"@type\":\"BreadcrumbList\",\"@id\":\"https:\/\/www.paranaiba.ms.gov.br\/portal\/acordo-de-cooperacao\/#breadcrumb\",\"itemListElement\":[{\"@type\":\"ListItem\",\"position\":1,\"name\":\"In\u00edcio\",\"item\":\"https:\/\/www.paranaiba.ms.gov.br\/portal\/\"},{\"@type\":\"ListItem\",\"position\":2,\"name\":\"Acordo de Coopera\u00e7\u00e3o\"}]},{\"@type\":\"WebSite\",\"@id\":\"https:\/\/www.paranaiba.ms.gov.br\/portal\/#website\",\"url\":\"https:\/\/www.paranaiba.ms.gov.br\/portal\/\",\"name\":\"Prefeitura Municipal de Parana\u00edba-MS\",\"description\":\"Prefeitura Municipal de Parana\u00edba-MS\",\"publisher\":{\"@id\":\"https:\/\/www.paranaiba.ms.gov.br\/portal\/#organization\"},\"potentialAction\":[{\"@type\":\"SearchAction\",\"target\":{\"@type\":\"EntryPoint\",\"urlTemplate\":\"https:\/\/www.paranaiba.ms.gov.br\/portal\/?s={search_term_string}\"},\"query-input\":{\"@type\":\"PropertyValueSpecification\",\"valueRequired\":true,\"valueName\":\"search_term_string\"}}],\"inLanguage\":\"pt-BR\"},{\"@type\":\"Organization\",\"@id\":\"https:\/\/www.paranaiba.ms.gov.br\/portal\/#organization\",\"name\":\"Prefeitura Municipal de Parana\u00edba-MS\",\"url\":\"https:\/\/www.paranaiba.ms.gov.br\/portal\/\",\"logo\":{\"@type\":\"ImageObject\",\"inLanguage\":\"pt-BR\",\"@id\":\"https:\/\/www.paranaiba.ms.gov.br\/portal\/#\/schema\/logo\/image\/\",\"url\":\"https:\/\/www.paranaiba.ms.gov.br\/portal\/wp-content\/uploads\/2022\/11\/logo-rodape02.webp\",\"contentUrl\":\"https:\/\/www.paranaiba.ms.gov.br\/portal\/wp-content\/uploads\/2022\/11\/logo-rodape02.webp\",\"width\":556,\"height\":492,\"caption\":\"Prefeitura Municipal de Parana\u00edba-MS\"},\"image\":{\"@id\":\"https:\/\/www.paranaiba.ms.gov.br\/portal\/#\/schema\/logo\/image\/\"}}]}<\/script>\n<!-- \/ Yoast SEO plugin. -->","yoast_head_json":{"title":"Acordo de Coopera\u00e7\u00e3o - Prefeitura Municipal de Parana\u00edba-MS","robots":{"index":"index","follow":"follow","max-snippet":"max-snippet:-1","max-image-preview":"max-image-preview:large","max-video-preview":"max-video-preview:-1"},"canonical":"https:\/\/www.paranaiba.ms.gov.br\/portal\/acordo-de-cooperacao\/","twitter_misc":{"Est. tempo de leitura":"1 minuto"},"schema":{"@context":"https:\/\/schema.org","@graph":[{"@type":"WebPage","@id":"https:\/\/www.paranaiba.ms.gov.br\/portal\/acordo-de-cooperacao\/","url":"https:\/\/www.paranaiba.ms.gov.br\/portal\/acordo-de-cooperacao\/","name":"Acordo de Coopera\u00e7\u00e3o - Prefeitura Municipal de Parana\u00edba-MS","isPartOf":{"@id":"https:\/\/www.paranaiba.ms.gov.br\/portal\/#website"},"datePublished":"2022-12-05T21:28:24+00:00","dateModified":"2022-12-20T15:26:50+00:00","breadcrumb":{"@id":"https:\/\/www.paranaiba.ms.gov.br\/portal\/acordo-de-cooperacao\/#breadcrumb"},"inLanguage":"pt-BR","potentialAction":[{"@type":"ReadAction","target":["https:\/\/www.paranaiba.ms.gov.br\/portal\/acordo-de-cooperacao\/"]}]},{"@type":"BreadcrumbList","@id":"https:\/\/www.paranaiba.ms.gov.br\/portal\/acordo-de-cooperacao\/#breadcrumb","itemListElement":[{"@type":"ListItem","position":1,"name":"In\u00edcio","item":"https:\/\/www.paranaiba.ms.gov.br\/portal\/"},{"@type":"ListItem","position":2,"name":"Acordo de Coopera\u00e7\u00e3o"}]},{"@type":"WebSite","@id":"https:\/\/www.paranaiba.ms.gov.br\/portal\/#website","url":"https:\/\/www.paranaiba.ms.gov.br\/portal\/","name":"Prefeitura Municipal de Parana\u00edba-MS","description":"Prefeitura Municipal de Parana\u00edba-MS","publisher":{"@id":"https:\/\/www.paranaiba.ms.gov.br\/portal\/#organization"},"potentialAction":[{"@type":"SearchAction","target":{"@type":"EntryPoint","urlTemplate":"https:\/\/www.paranaiba.ms.gov.br\/portal\/?s={search_term_string}"},"query-input":{"@type":"PropertyValueSpecification","valueRequired":true,"valueName":"search_term_string"}}],"inLanguage":"pt-BR"},{"@type":"Organization","@id":"https:\/\/www.paranaiba.ms.gov.br\/portal\/#organization","name":"Prefeitura Municipal de Parana\u00edba-MS","url":"https:\/\/www.paranaiba.ms.gov.br\/portal\/","logo":{"@type":"ImageObject","inLanguage":"pt-BR","@id":"https:\/\/www.paranaiba.ms.gov.br\/portal\/#\/schema\/logo\/image\/","url":"https:\/\/www.paranaiba.ms.gov.br\/portal\/wp-content\/uploads\/2022\/11\/logo-rodape02.webp","contentUrl":"https:\/\/www.paranaiba.ms.gov.br\/portal\/wp-content\/uploads\/2022\/11\/logo-rodape02.webp","width":556,"height":492,"caption":"Prefeitura Municipal de Parana\u00edba-MS"},"image":{"@id":"https:\/\/www.paranaiba.ms.gov.br\/portal\/#\/schema\/logo\/image\/"}}]}},"_links":{"self":[{"href":"https:\/\/www.paranaiba.ms.gov.br\/portal\/wp-json\/wp\/v2\/pages\/1872","targetHints":{"allow":["GET"]}}],"collection":[{"href":"https:\/\/www.paranaiba.ms.gov.br\/portal\/wp-json\/wp\/v2\/pages"}],"about":[{"href":"https:\/\/www.paranaiba.ms.gov.br\/portal\/wp-json\/wp\/v2\/types\/page"}],"author":[{"embeddable":true,"href":"https:\/\/www.paranaiba.ms.gov.br\/portal\/wp-json\/wp\/v2\/users\/6"}],"replies":[{"embeddable":true,"href":"https:\/\/www.paranaiba.ms.gov.br\/portal\/wp-json\/wp\/v2\/comments?post=1872"}],"version-history":[{"count":9,"href":"https:\/\/www.paranaiba.ms.gov.br\/portal\/wp-json\/wp\/v2\/pages\/1872\/revisions"}],"predecessor-version":[{"id":3150,"href":"https:\/\/www.paranaiba.ms.gov.br\/portal\/wp-json\/wp\/v2\/pages\/1872\/revisions\/3150"}],"wp:attachment":[{"href":"https:\/\/www.paranaiba.ms.gov.br\/portal\/wp-json\/wp\/v2\/media?parent=1872"}],"curies":[{"name":"wp","href":"https:\/\/api.w.org\/{rel}","templated":true}]}}