{"id":1892,"date":"2022-12-05T19:08:56","date_gmt":"2022-12-05T22:08:56","guid":{"rendered":"https:\/\/www.paranaiba.ms.gov.br\/portal\/?page_id=1892"},"modified":"2022-12-05T19:12:27","modified_gmt":"2022-12-05T22:12:27","slug":"carta-de-servicos","status":"publish","type":"page","link":"https:\/\/www.paranaiba.ms.gov.br\/portal\/carta-de-servicos\/","title":{"rendered":"Carta de Servi\u00e7os"},"content":{"rendered":"<p>A Carta de Servi\u00e7os ao Cidad\u00e3o \u00e9 um documento elaborado por uma organiza\u00e7\u00e3o p\u00fablica que visa informar aos cidad\u00e3os quais os servi\u00e7os prestados por ela, como acessar e obter esses servi\u00e7os e quais s\u00e3o os compromissos com o atendimento e os padr\u00f5es de atendimento estabelecidos.<\/p>\n<p>&nbsp;<\/p>\n<p>A sua pr\u00e1tica implica para a organiza\u00e7\u00e3o um processo de transforma\u00e7\u00e3o sustentada em princ\u00edpios fundamentais \u2013 participa\u00e7\u00e3o e comprometimento, informa\u00e7\u00e3o e transpar\u00eancia, aprendizagem e participa\u00e7\u00e3o do cidad\u00e3o. Esses princ\u00edpios t\u00eam como premissas o foco no cidad\u00e3o e a indu\u00e7\u00e3o do controle social.<\/p>\n<p>&nbsp;<\/p>\n<p><strong>Regulamentada pelo Decreto n\u00b0 505\/2019<\/strong><\/p>\n<p>&nbsp;<\/p>\n<p>Clique na secretaria desejada para visualizar a descri\u00e7\u00e3o total dos servi\u00e7os.<\/p>\n<hr \/>\n<div><\/div>\n<div>\u2022 <a href=\"https:\/\/www.paranaiba.ms.gov.br\/portal\/wp-content\/uploads\/2022\/12\/Secretaria-Municipal-de-Administracao.pdf\" target=\"_blank\" rel=\"noopener\">Secretaria Municipal de Administra\u00e7\u00e3o<\/a><\/div>\n<div>\u2022 <a href=\"https:\/\/www.paranaiba.ms.gov.br\/portal\/wp-content\/uploads\/2022\/12\/Secretaria-de-Industria-e-Comercio.pdf\" target=\"_blank\" rel=\"noopener\">Secretaria de Ind\u00fastria e Com\u00e9rcio<\/a><\/div>\n<div>\u2022 <a href=\"https:\/\/www.paranaiba.ms.gov.br\/portal\/wp-content\/uploads\/2022\/12\/\u2022-Controladoria-e-Ouvidoria.pdf\" target=\"_blank\" rel=\"noopener\">Controladoria e Ouvidoria<\/a><\/div>\n<div>\u2022 <a href=\"https:\/\/www.paranaiba.ms.gov.br\/portal\/wp-content\/uploads\/2022\/12\/Departamento-de-Tributacao.pdf\" target=\"_blank\" rel=\"noopener\">Departamento de Tributa\u00e7\u00e3o<\/a><\/div>\n<div>\u2022 <a href=\"https:\/\/www.paranaiba.ms.gov.br\/portal\/wp-content\/uploads\/2022\/12\/Departamento-de-Cadastro-de-Atividades-Economicas-CAE.pdf\" target=\"_blank\" rel=\"noopener\">Departamento de Cadastro de Atividades Econ\u00f4micas &#8211; CAE<\/a><\/div>\n<div>\u2022 <a href=\"https:\/\/www.paranaiba.ms.gov.br\/portal\/wp-content\/uploads\/2022\/12\/Secretaria-de-Obras-Urbanismo-e-Habitacao.pdf\" target=\"_blank\" rel=\"noopener\">Secretaria de Obras Urbanismo e Habita\u00e7\u00e3o<\/a><\/div>\n<div>\u2022 <a href=\"https:\/\/www.paranaiba.ms.gov.br\/portal\/wp-content\/uploads\/2022\/12\/Secretaria-de-Meio-Ambiente.pdf\" target=\"_blank\" rel=\"noopener\">Secretaria de Meio Ambiente<\/a><\/div>\n<div>\u2022 <a href=\"https:\/\/www.paranaiba.ms.gov.br\/portal\/wp-content\/uploads\/2022\/12\/Secretaria-de-Assistencia-Social.pdf\" target=\"_blank\" rel=\"noopener\">Secretaria de Assist\u00eancia Social<\/a><\/div>\n<div>\u2022 <a href=\"https:\/\/www.paranaiba.ms.gov.br\/portal\/wp-content\/uploads\/2022\/12\/Secretaria-de-Assistencia-Social-CRAS-de-Lourdes.pdf\" target=\"_blank\" rel=\"noopener\">Secretaria de Assist\u00eancia Social &#8211; CRAS de Lourdes<\/a><\/div>\n<div>\u2022 <a href=\"https:\/\/www.paranaiba.ms.gov.br\/portal\/wp-content\/uploads\/2022\/12\/Secretaria-de-Assistencia-Social-CREAS.pdf\" target=\"_blank\" rel=\"noopener\">Secretaria de Assist\u00eancia Social &#8211; CREAS<\/a><\/div>\n<div>\u2022 <a href=\"https:\/\/www.paranaiba.ms.gov.br\/portal\/wp-content\/uploads\/2022\/12\/Secretaria-de-Assistencia-Social-Centro-de-Convivencia-e-Fortalecimento-de-Vinculos-Wanderlan-Alves-de-Freitas-Filho.pdf\" target=\"_blank\" rel=\"noopener\">Secretaria de Assist\u00eancia Social &#8211; Centro de Conviv\u00eancia e Fortalecimento de V\u00ednculos Wanderlan Alves de Freitas Filho<\/a><\/div>\n<div>\u2022 <a href=\"https:\/\/www.paranaiba.ms.gov.br\/portal\/wp-content\/uploads\/2022\/12\/Secretaria-de-Assistencia-Social-Casa-de-Acolhimento-Pamela-Silva.pdf\" target=\"_blank\" rel=\"noopener\">Secretaria de Assist\u00eancia Social &#8211; Casa de Acolhimento Pamela Silva<\/a><\/div>\n<div>\u2022 <a href=\"https:\/\/www.paranaiba.ms.gov.br\/portal\/wp-content\/uploads\/2022\/12\/Secretaria-de-Educacao.pdf\" target=\"_blank\" rel=\"noopener\">Secretaria de Educa\u00e7\u00e3o<\/a><\/div>\n<div>\u2022 <a href=\"https:\/\/www.paranaiba.ms.gov.br\/portal\/wp-content\/uploads\/2022\/12\/Secretaria-de-Saude.pdf\" target=\"_blank\" rel=\"noopener\">Secretaria de Sa\u00fade<\/a><\/div>\n<div>\u2022 <a href=\"https:\/\/www.paranaiba.ms.gov.br\/portal\/wp-content\/uploads\/2022\/12\/Procuradoria-Juridica.pdf\" target=\"_blank\" rel=\"noopener\">Procuradoria Jur\u00eddica<\/a><\/div>\n<p>&nbsp;<\/p>\n<h5><strong>* A \u201cCarta de Servi\u00e7os\u201d \u00e9 um documento em constante atualiza\u00e7\u00e3o, na medida em que novos servi\u00e7os podem ser agregados enquanto outros podem ser modificados ou mesmo deixarem de ser oferecidos.<\/strong><\/h5>\n","protected":false},"excerpt":{"rendered":"<p>A Carta de Servi\u00e7os ao Cidad\u00e3o \u00e9 um documento elaborado por uma organiza\u00e7\u00e3o p\u00fablica que visa informar aos cidad\u00e3os quais os servi\u00e7os prestados por ela, como acessar e obter esses servi\u00e7os e quais s\u00e3o os compromissos com o atendimento e os padr\u00f5es de atendimento estabelecidos. &nbsp; A sua pr\u00e1tica implica para a organiza\u00e7\u00e3o um processo&#8230;<\/p>\n","protected":false},"author":6,"featured_media":0,"parent":0,"menu_order":0,"comment_status":"closed","ping_status":"closed","template":"","meta":{"inline_featured_image":false,"footnotes":""},"class_list":["post-1892","page","type-page","status-publish","hentry"],"acf":[],"yoast_head":"<!-- This site is optimized with the Yoast SEO plugin v24.0 - https:\/\/yoast.com\/wordpress\/plugins\/seo\/ -->\n<title>Carta de Servi\u00e7os - Prefeitura Municipal de Parana\u00edba-MS<\/title>\n<meta name=\"robots\" content=\"index, follow, max-snippet:-1, max-image-preview:large, max-video-preview:-1\" \/>\n<link rel=\"canonical\" href=\"https:\/\/www.paranaiba.ms.gov.br\/portal\/carta-de-servicos\/\" \/>\n<meta name=\"twitter:label1\" content=\"Est. tempo de leitura\" \/>\n\t<meta name=\"twitter:data1\" content=\"1 minuto\" \/>\n<script type=\"application\/ld+json\" class=\"yoast-schema-graph\">{\"@context\":\"https:\/\/schema.org\",\"@graph\":[{\"@type\":\"WebPage\",\"@id\":\"https:\/\/www.paranaiba.ms.gov.br\/portal\/carta-de-servicos\/\",\"url\":\"https:\/\/www.paranaiba.ms.gov.br\/portal\/carta-de-servicos\/\",\"name\":\"Carta de Servi\u00e7os - Prefeitura Municipal de Parana\u00edba-MS\",\"isPartOf\":{\"@id\":\"https:\/\/www.paranaiba.ms.gov.br\/portal\/#website\"},\"datePublished\":\"2022-12-05T22:08:56+00:00\",\"dateModified\":\"2022-12-05T22:12:27+00:00\",\"breadcrumb\":{\"@id\":\"https:\/\/www.paranaiba.ms.gov.br\/portal\/carta-de-servicos\/#breadcrumb\"},\"inLanguage\":\"pt-BR\",\"potentialAction\":[{\"@type\":\"ReadAction\",\"target\":[\"https:\/\/www.paranaiba.ms.gov.br\/portal\/carta-de-servicos\/\"]}]},{\"@type\":\"BreadcrumbList\",\"@id\":\"https:\/\/www.paranaiba.ms.gov.br\/portal\/carta-de-servicos\/#breadcrumb\",\"itemListElement\":[{\"@type\":\"ListItem\",\"position\":1,\"name\":\"In\u00edcio\",\"item\":\"https:\/\/www.paranaiba.ms.gov.br\/portal\/\"},{\"@type\":\"ListItem\",\"position\":2,\"name\":\"Carta de Servi\u00e7os\"}]},{\"@type\":\"WebSite\",\"@id\":\"https:\/\/www.paranaiba.ms.gov.br\/portal\/#website\",\"url\":\"https:\/\/www.paranaiba.ms.gov.br\/portal\/\",\"name\":\"Prefeitura Municipal de Parana\u00edba-MS\",\"description\":\"Prefeitura Municipal de Parana\u00edba-MS\",\"publisher\":{\"@id\":\"https:\/\/www.paranaiba.ms.gov.br\/portal\/#organization\"},\"potentialAction\":[{\"@type\":\"SearchAction\",\"target\":{\"@type\":\"EntryPoint\",\"urlTemplate\":\"https:\/\/www.paranaiba.ms.gov.br\/portal\/?s={search_term_string}\"},\"query-input\":{\"@type\":\"PropertyValueSpecification\",\"valueRequired\":true,\"valueName\":\"search_term_string\"}}],\"inLanguage\":\"pt-BR\"},{\"@type\":\"Organization\",\"@id\":\"https:\/\/www.paranaiba.ms.gov.br\/portal\/#organization\",\"name\":\"Prefeitura Municipal de Parana\u00edba-MS\",\"url\":\"https:\/\/www.paranaiba.ms.gov.br\/portal\/\",\"logo\":{\"@type\":\"ImageObject\",\"inLanguage\":\"pt-BR\",\"@id\":\"https:\/\/www.paranaiba.ms.gov.br\/portal\/#\/schema\/logo\/image\/\",\"url\":\"https:\/\/www.paranaiba.ms.gov.br\/portal\/wp-content\/uploads\/2022\/11\/logo-rodape02.webp\",\"contentUrl\":\"https:\/\/www.paranaiba.ms.gov.br\/portal\/wp-content\/uploads\/2022\/11\/logo-rodape02.webp\",\"width\":556,\"height\":492,\"caption\":\"Prefeitura Municipal de Parana\u00edba-MS\"},\"image\":{\"@id\":\"https:\/\/www.paranaiba.ms.gov.br\/portal\/#\/schema\/logo\/image\/\"}}]}<\/script>\n<!-- \/ Yoast SEO plugin. -->","yoast_head_json":{"title":"Carta de Servi\u00e7os - Prefeitura Municipal de Parana\u00edba-MS","robots":{"index":"index","follow":"follow","max-snippet":"max-snippet:-1","max-image-preview":"max-image-preview:large","max-video-preview":"max-video-preview:-1"},"canonical":"https:\/\/www.paranaiba.ms.gov.br\/portal\/carta-de-servicos\/","twitter_misc":{"Est. tempo de leitura":"1 minuto"},"schema":{"@context":"https:\/\/schema.org","@graph":[{"@type":"WebPage","@id":"https:\/\/www.paranaiba.ms.gov.br\/portal\/carta-de-servicos\/","url":"https:\/\/www.paranaiba.ms.gov.br\/portal\/carta-de-servicos\/","name":"Carta de Servi\u00e7os - Prefeitura Municipal de Parana\u00edba-MS","isPartOf":{"@id":"https:\/\/www.paranaiba.ms.gov.br\/portal\/#website"},"datePublished":"2022-12-05T22:08:56+00:00","dateModified":"2022-12-05T22:12:27+00:00","breadcrumb":{"@id":"https:\/\/www.paranaiba.ms.gov.br\/portal\/carta-de-servicos\/#breadcrumb"},"inLanguage":"pt-BR","potentialAction":[{"@type":"ReadAction","target":["https:\/\/www.paranaiba.ms.gov.br\/portal\/carta-de-servicos\/"]}]},{"@type":"BreadcrumbList","@id":"https:\/\/www.paranaiba.ms.gov.br\/portal\/carta-de-servicos\/#breadcrumb","itemListElement":[{"@type":"ListItem","position":1,"name":"In\u00edcio","item":"https:\/\/www.paranaiba.ms.gov.br\/portal\/"},{"@type":"ListItem","position":2,"name":"Carta de Servi\u00e7os"}]},{"@type":"WebSite","@id":"https:\/\/www.paranaiba.ms.gov.br\/portal\/#website","url":"https:\/\/www.paranaiba.ms.gov.br\/portal\/","name":"Prefeitura Municipal de Parana\u00edba-MS","description":"Prefeitura Municipal de Parana\u00edba-MS","publisher":{"@id":"https:\/\/www.paranaiba.ms.gov.br\/portal\/#organization"},"potentialAction":[{"@type":"SearchAction","target":{"@type":"EntryPoint","urlTemplate":"https:\/\/www.paranaiba.ms.gov.br\/portal\/?s={search_term_string}"},"query-input":{"@type":"PropertyValueSpecification","valueRequired":true,"valueName":"search_term_string"}}],"inLanguage":"pt-BR"},{"@type":"Organization","@id":"https:\/\/www.paranaiba.ms.gov.br\/portal\/#organization","name":"Prefeitura Municipal de Parana\u00edba-MS","url":"https:\/\/www.paranaiba.ms.gov.br\/portal\/","logo":{"@type":"ImageObject","inLanguage":"pt-BR","@id":"https:\/\/www.paranaiba.ms.gov.br\/portal\/#\/schema\/logo\/image\/","url":"https:\/\/www.paranaiba.ms.gov.br\/portal\/wp-content\/uploads\/2022\/11\/logo-rodape02.webp","contentUrl":"https:\/\/www.paranaiba.ms.gov.br\/portal\/wp-content\/uploads\/2022\/11\/logo-rodape02.webp","width":556,"height":492,"caption":"Prefeitura Municipal de Parana\u00edba-MS"},"image":{"@id":"https:\/\/www.paranaiba.ms.gov.br\/portal\/#\/schema\/logo\/image\/"}}]}},"_links":{"self":[{"href":"https:\/\/www.paranaiba.ms.gov.br\/portal\/wp-json\/wp\/v2\/pages\/1892","targetHints":{"allow":["GET"]}}],"collection":[{"href":"https:\/\/www.paranaiba.ms.gov.br\/portal\/wp-json\/wp\/v2\/pages"}],"about":[{"href":"https:\/\/www.paranaiba.ms.gov.br\/portal\/wp-json\/wp\/v2\/types\/page"}],"author":[{"embeddable":true,"href":"https:\/\/www.paranaiba.ms.gov.br\/portal\/wp-json\/wp\/v2\/users\/6"}],"replies":[{"embeddable":true,"href":"https:\/\/www.paranaiba.ms.gov.br\/portal\/wp-json\/wp\/v2\/comments?post=1892"}],"version-history":[{"count":5,"href":"https:\/\/www.paranaiba.ms.gov.br\/portal\/wp-json\/wp\/v2\/pages\/1892\/revisions"}],"predecessor-version":[{"id":1913,"href":"https:\/\/www.paranaiba.ms.gov.br\/portal\/wp-json\/wp\/v2\/pages\/1892\/revisions\/1913"}],"wp:attachment":[{"href":"https:\/\/www.paranaiba.ms.gov.br\/portal\/wp-json\/wp\/v2\/media?parent=1892"}],"curies":[{"name":"wp","href":"https:\/\/api.w.org\/{rel}","templated":true}]}}