{"id":3963,"date":"2023-02-10T16:39:53","date_gmt":"2023-02-10T19:39:53","guid":{"rendered":"https:\/\/www.paranaiba.ms.gov.br\/portal\/?page_id=3963"},"modified":"2024-06-03T12:17:37","modified_gmt":"2024-06-03T15:17:37","slug":"secretaria-de-meio-ambiente","status":"publish","type":"page","link":"https:\/\/www.paranaiba.ms.gov.br\/portal\/secretaria-de-meio-ambiente\/","title":{"rendered":"Meio Ambiente"},"content":{"rendered":"<h3><strong>Secretaria Municipal de Meio Ambiente &#8211; Acesso \u00e0 informa\u00e7\u00e3o<\/strong><\/h3>\n<p>A Prefeitura de Parana\u00edba, por meio da Secretaria Municipal de Meio Ambiente, \u00e9 respons\u00e1vel pela Coleta Seletiva, uma a\u00e7\u00e3o essencial para atingir as metas de redu\u00e7\u00e3o, reutiliza\u00e7\u00e3o e reciclagem dos res\u00edduos s\u00f3lidos recicl\u00e1veis e org\u00e2nicos, representando um fator estrat\u00e9gico para a consolida\u00e7\u00e3o da Pol\u00edtica Nacional de Res\u00edduos S\u00f3lidos.<\/p>\n<p>A coleta contribui para a diminui\u00e7\u00e3o dos res\u00edduos dispostos em aterros sanit\u00e1rios ou em locais inadequados, reduzindo os poss\u00edveis impactos ambientais, colaborando com a preserva\u00e7\u00e3o dos aterros sanit\u00e1rios.<\/p>\n<p>Atualmente, o munic\u00edpio de Parana\u00edba possui duas modalidades de coleta seletiva:<\/p>\n<p>Coleta Porta a Porta (PaP): Os res\u00edduos recicl\u00e1veis s\u00e3o coletados diretamente nas resid\u00eancias;<br \/>\nColeta Ponto a Ponto (LEV\u2019s): Utiliza\u00e7\u00e3o de Locais de Entrega Volunt\u00e1ria, onde os cidad\u00e3os podem depositar seus res\u00edduos recicl\u00e1veis.<\/p>\n<p>A participa\u00e7\u00e3o ativa da comunidade \u00e9 crucial para o sucesso da Coleta Seletiva. \u00c9 fundamental que todos colaborem separando adequadamente os res\u00edduos recicl\u00e1veis dos org\u00e2nicos e depositando-os nos locais apropriados.<\/p>\n<p>A Coleta Seletiva \u00e9 uma iniciativa que beneficia todos os setores da sociedade. Ao participar, voc\u00ea est\u00e1 contribuindo para a redu\u00e7\u00e3o dos impactos ambientais, prolongando a vida \u00fatil dos aterros sanit\u00e1rios e incentivando o crescimento do mercado de reciclagem. Fa\u00e7a a sua parte e ajude a transformar Parana\u00edba em um munic\u00edpio modelo de sustentabilidade.<\/p>\n<p>&nbsp;<\/p>\n<p>Acesse abaixo os documentos de informa\u00e7\u00e3o ao cidad\u00e3o.<\/p>\n<p><a href=\"https:\/\/www.paranaiba.ms.gov.br\/portal\/wp-content\/uploads\/2023\/02\/Orientacoes-Gerais-Licenciamento-Municipal.pdf\" target=\"_blank\" rel=\"noopener\">\u2022 Orienta\u00e7\u00f5es Gerais &#8211; Licenciamento Municipal<\/a><\/p>\n<p><a href=\"https:\/\/www.google.com\/maps\/d\/viewer?mid=1hM1kRzlZiWFf4weMD1SHtRvA3qbpL4P8&amp;ll=-19.68891220398376%2C-51.163878782170116&amp;z=16\" target=\"_blank\" rel=\"noopener\">\u2022 Mapa de Coleta Convencional e Seletiva<\/a><\/p>\n<p>&nbsp;<\/p>\n<p>&nbsp;<\/p>\n<p style=\"text-align: center\"><strong>Conhe\u00e7a o cronograma de Coleta Seletiva:\u00a0<\/strong><\/p>\n<table style=\"height: 1365px\" width=\"894\">\n<tbody>\n<tr>\n<td width=\"167\">SETOR<\/td>\n<td width=\"207\">BAIRRO<\/td>\n<td width=\"237\">DIA\/HOR\u00c1RIO COLETA SELETIVA<\/td>\n<\/tr>\n<tr>\n<td width=\"167\">01<\/td>\n<td width=\"207\">Jardim Ipiranga;<br \/>\nParte S\u00e3o Jos\u00e9;<br \/>\nDaniel III;<br \/>\nJardim Inoc\u00eancia;<br \/>\nJardim Santa L\u00facia;<br \/>\nJardim das Paineiras.<\/td>\n<td width=\"237\">Sexta-feira<br \/>\nHor\u00e1rio: 06:30 \u00e0s 10:30<\/td>\n<\/tr>\n<tr>\n<td width=\"167\">02<\/td>\n<td width=\"207\">Jardim Am\u00e9rica I;<br \/>\nJardim Am\u00e9rica II;<br \/>\nParte S\u00e3o Jos\u00e9;<br \/>\nDaniel IV;<br \/>\nUniversit\u00e1rio;<br \/>\nResidencial Calif\u00f3rnia.<\/td>\n<td width=\"237\">Segunda feira<\/p>\n<p>Hor\u00e1rio: 06:30h \u00e0s 10:30<\/td>\n<\/tr>\n<tr>\n<td width=\"167\">03<\/td>\n<td width=\"207\">Centro e Daniel VI.<\/td>\n<td width=\"237\">Quinta feira<br \/>\nHor\u00e1rio: 06:30 \u00e0s 10:30 e12:30 \u00e0s 16:30.<\/td>\n<\/tr>\n<tr>\n<td width=\"167\">04<\/td>\n<td width=\"207\">Jardim Redentora I;<br \/>\nJardim Redentora II;<br \/>\nJardim Planalto;<br \/>\nJardim Bras\u00edlia.<\/td>\n<td width=\"237\">Segunda feira<br \/>\nHor\u00e1rio: 12:30 \u00e0s 16:30<\/td>\n<\/tr>\n<tr>\n<td width=\"167\">05<\/td>\n<td width=\"207\">Vila Salom\u00e9;<br \/>\nIp\u00ea Branco I;<br \/>\nIp\u00ea Branco II;<br \/>\nParte Santo Ant\u00f4nio;<br \/>\nKarina;<br \/>\nDaniel I;<br \/>\nJardim Santa M\u00f4nica.<\/td>\n<td width=\"237\">Ter\u00e7a feira<br \/>\nHor\u00e1rio: 06:30 \u00e0s 10:30 e12:30 \u00e0s 16:30.<\/td>\n<\/tr>\n<tr>\n<td width=\"167\">06<\/td>\n<td width=\"207\">Parte Santo Ant\u00f4nio<\/td>\n<td width=\"237\">Sexta feira<br \/>\nHor\u00e1rio: 12:30 \u00e0s 16:30<\/td>\n<\/tr>\n<tr>\n<td width=\"167\">07<\/td>\n<td width=\"207\">Jardim Santa Eliza;<br \/>\nDaniel II;<br \/>\nParte Daniel V;<br \/>\nParte Santo Ant\u00f4nio;<br \/>\nParte Industrial de Lourdes.<\/td>\n<td width=\"237\">Quarta feira<br \/>\nHor\u00e1rio: 06:30 \u00e0s 10:30<\/td>\n<\/tr>\n<tr>\n<td width=\"167\">08<\/td>\n<td width=\"207\">Parte Industrial de Lourdes;<br \/>\nCOHAB Santa Rita;<br \/>\nPortelinha;<br \/>\nParte Daniel V;<br \/>\nParque Industrial I;<br \/>\nParque Industrial Ant\u00f4nio Ov\u00eddio.<\/td>\n<td width=\"237\">Quarta feira.<br \/>\nHor\u00e1rio: 12:30h \u00e0s 16:30<\/td>\n<\/tr>\n<\/tbody>\n<\/table>\n<p>&nbsp;<\/p>\n<p style=\"text-align: center\"><strong>Conhe\u00e7a o cronograma de Coleta Convencional:\u00a0<\/strong><\/p>\n<p>&nbsp;<\/p>\n<table style=\"height: 1439px\" width=\"890\">\n<tbody>\n<tr>\n<td width=\"167\">SETOR<\/td>\n<td width=\"207\">BAIRRO<\/td>\n<td width=\"237\">DIA\/HOR\u00c1RIO COLETA CONVENCIONAL<\/td>\n<\/tr>\n<tr>\n<td width=\"167\">01<\/td>\n<td width=\"207\">Jardim Ipiranga;<br \/>\nParte S\u00e3o Jos\u00e9;<br \/>\nDaniel III;<br \/>\nJardim Inoc\u00eancia;<br \/>\nJardim Santa L\u00facia;<br \/>\nJardim das Paineiras.<\/td>\n<td width=\"237\">Segunda-Feira;<br \/>\nQuarta Feira;<br \/>\nSexta Feira.<br \/>\nHor\u00e1rio: 04:00 \u00e0s 12:00.<\/td>\n<\/tr>\n<tr>\n<td width=\"167\">02<\/td>\n<td width=\"207\">Jardim Am\u00e9rica I;<br \/>\nJardim Am\u00e9rica II;<br \/>\nParte S\u00e3o Jos\u00e9;<br \/>\nDaniel IV;<br \/>\nUniversit\u00e1rio;<br \/>\nResidencial Calif\u00f3rnia.<\/td>\n<td width=\"237\">\u00a0Ter\u00e7a Feira;<br \/>\nQuinta Feira;<br \/>\nS\u00e1bado.<br \/>\nHor\u00e1rio: 04:00 \u00e0s 12:00.<\/td>\n<\/tr>\n<tr>\n<td width=\"167\">03<\/td>\n<td width=\"207\">Centro e Daniel VI.<\/td>\n<td width=\"237\">Segunda Feira;<br \/>\nQuarta Feira;<br \/>\nSexta Feira.<br \/>\nHor\u00e1rio: 12:30h \u00e0s 20:30.<\/td>\n<\/tr>\n<tr>\n<td width=\"167\">04<\/td>\n<td width=\"207\">Jardim Redentora I;<br \/>\nJardim Redentora II;<br \/>\nJardim Planalto;<br \/>\nJardim Bras\u00edlia.<\/td>\n<td width=\"237\">\u00a0Ter\u00e7a Feira;<br \/>\nQuinta Feira;<br \/>\nS\u00e1bado.<br \/>\nHor\u00e1rio: 12:30 \u00e0s 20:30.<\/td>\n<\/tr>\n<tr>\n<td width=\"167\">05<\/td>\n<td width=\"207\">Vila Salom\u00e9;<br \/>\nIp\u00ea Branco I;<br \/>\nIp\u00ea Branco II;<br \/>\nParte Santo Ant\u00f4nio;<br \/>\nKarina;<br \/>\nDaniel I;<br \/>\nJardim Santa M\u00f4nica.<\/td>\n<td width=\"237\">Segunda Feira;<br \/>\nQuarta Feira;<br \/>\nSexta Feira.<br \/>\nHor\u00e1rio: 12:30h \u00e0s 20:30.<\/td>\n<\/tr>\n<tr>\n<td width=\"167\">06<\/td>\n<td width=\"207\">Parte Santo Ant\u00f4nio<\/td>\n<td width=\"237\">Segunda-Feira;<br \/>\nQuarta Feira;<br \/>\nSexta Feira.<br \/>\nHor\u00e1rio: 04:00 \u00e0s 12:00.<\/td>\n<\/tr>\n<tr>\n<td width=\"167\">07<\/td>\n<td width=\"207\">Jardim Santa Eliza;<br \/>\nDaniel II;<br \/>\nParte Daniel V;<br \/>\nParte Santo Ant\u00f4nio;<br \/>\nParte Industrial de Lourdes.<\/td>\n<td width=\"237\">Ter\u00e7a Feira;<br \/>\nQuinta Feira;<br \/>\nS\u00e1bado.<br \/>\nHor\u00e1rio: 12:30 \u00e0s 20:30.<\/td>\n<\/tr>\n<tr>\n<td width=\"167\">08<\/td>\n<td width=\"207\">Parte Industrial de Lourdes;<br \/>\nCOHAB Santa Rita;<br \/>\nPortelinha;<br \/>\nParte Daniel V;<br \/>\nParque Industrial I;<br \/>\nParque Industrial Ant\u00f4nio Ov\u00eddio.<\/td>\n<td width=\"237\">\u00a0Ter\u00e7a Feira;<br \/>\nQuinta Feira;<br \/>\nS\u00e1bado.<br \/>\nHor\u00e1rio: 04:00h \u00e0s 12:00.<\/td>\n<\/tr>\n<\/tbody>\n<\/table>\n<p>&nbsp;<\/p>\n<p style=\"text-align: center\"><strong>Conhe\u00e7a os locais de entrega volunt\u00e1ria:<\/strong><\/p>\n<p>&nbsp;<\/p>\n<table style=\"height: 992px\" width=\"885\">\n<tbody>\n<tr>\n<td width=\"208\"><strong>LOCAL<\/strong><\/td>\n<td width=\"406\"><strong>LOGRADOURO<\/strong><\/td>\n<\/tr>\n<tr>\n<td width=\"208\">Pra\u00e7a Espelho d\u2019\u00e1gua<\/td>\n<td width=\"406\">Rua Eponino Garcia Leal com Av. Durval Rodrigues Lopes<\/td>\n<\/tr>\n<tr>\n<td width=\"208\">Rodovi\u00e1ria Municipal<\/td>\n<td width=\"406\">Av. Durval Rodrigues Lopes com Av. Evaristo Pereira Ferreira<\/td>\n<\/tr>\n<tr>\n<td width=\"208\">Canteiro pr\u00f3ximo \u00e0 r\u00e1dio RCN<\/td>\n<td width=\"406\">Av. Ant\u00f4nio Garcia de Freitas com Av. Eng. Marcelo Mirada Soares<\/td>\n<\/tr>\n<tr>\n<td width=\"208\">Casa de Vel\u00f3rio<\/td>\n<td width=\"406\">Av. Rio de Janeiro com Rua Auricia Queir\u00f3s<\/td>\n<\/tr>\n<tr>\n<td width=\"208\">Pra\u00e7a pr\u00f3xima ao mercado Karina<\/td>\n<td width=\"406\">Av. Wuarto B de Mor\u00e3es com Rua Anambai<\/td>\n<\/tr>\n<tr>\n<td width=\"208\">Passeio da Avenida Tr\u00eas Lagoas<\/td>\n<td width=\"406\">Av. Tr\u00eas Lagoas em frente \u00e0 Sert\u00e3o e em frente ao Auto Posto Tradicional<\/td>\n<\/tr>\n<tr>\n<td width=\"208\">Pra\u00e7a pr\u00f3xima ao A3 Super<\/td>\n<td width=\"406\">Av. Ernesto Garcia Leal com Rua Autogamis Rodrigues da Silva<\/td>\n<\/tr>\n<tr>\n<td width=\"208\">Pra\u00e7a Ang\u00ealo<\/td>\n<td width=\"406\">Rua Augusto Corr\u00eaa d Costa Junior com Rua Quatro de Julho<\/td>\n<\/tr>\n<tr>\n<td width=\"208\">Rotat\u00f3ria pr\u00f3xima \u00e0 Construbranco<\/td>\n<td width=\"406\">Av. Get\u00falio Vargas com Av. Jos\u00e9 de Castro<\/td>\n<\/tr>\n<tr>\n<td width=\"208\">Pra\u00e7a pr\u00f3xima \u00e0 Escola Gustavo<\/td>\n<td width=\"406\">Av. Augusto Corr\u00eaa da Costa com Rua Melo taques<\/td>\n<\/tr>\n<tr>\n<td width=\"208\">Prefeitura Municipal de Parana\u00edba<\/td>\n<td width=\"406\">Av. Juca Pinh\u00e9, n\u00ba 333 &#8211; Jardim Santa M\u00f4nica<\/td>\n<\/tr>\n<\/tbody>\n<\/table>\n","protected":false},"excerpt":{"rendered":"<p>Secretaria Municipal de Meio Ambiente &#8211; Acesso \u00e0 informa\u00e7\u00e3o A Prefeitura de Parana\u00edba, por meio da Secretaria Municipal de Meio Ambiente, \u00e9 respons\u00e1vel pela Coleta Seletiva, uma a\u00e7\u00e3o essencial para atingir as metas de redu\u00e7\u00e3o, reutiliza\u00e7\u00e3o e reciclagem dos res\u00edduos s\u00f3lidos recicl\u00e1veis e org\u00e2nicos, representando um fator estrat\u00e9gico para a consolida\u00e7\u00e3o da Pol\u00edtica Nacional de&#8230;<\/p>\n","protected":false},"author":6,"featured_media":0,"parent":0,"menu_order":0,"comment_status":"closed","ping_status":"closed","template":"","meta":{"inline_featured_image":false,"footnotes":""},"class_list":["post-3963","page","type-page","status-publish","hentry"],"acf":[],"yoast_head":"<!-- This site is optimized with the Yoast SEO plugin v24.0 - https:\/\/yoast.com\/wordpress\/plugins\/seo\/ -->\n<title>Meio Ambiente - Prefeitura Municipal de Parana\u00edba-MS<\/title>\n<meta name=\"robots\" content=\"index, follow, max-snippet:-1, max-image-preview:large, max-video-preview:-1\" \/>\n<link rel=\"canonical\" href=\"https:\/\/www.paranaiba.ms.gov.br\/portal\/secretaria-de-meio-ambiente\/\" \/>\n<meta name=\"twitter:label1\" content=\"Est. tempo de leitura\" \/>\n\t<meta name=\"twitter:data1\" content=\"4 minutos\" \/>\n<script type=\"application\/ld+json\" class=\"yoast-schema-graph\">{\"@context\":\"https:\/\/schema.org\",\"@graph\":[{\"@type\":\"WebPage\",\"@id\":\"https:\/\/www.paranaiba.ms.gov.br\/portal\/secretaria-de-meio-ambiente\/\",\"url\":\"https:\/\/www.paranaiba.ms.gov.br\/portal\/secretaria-de-meio-ambiente\/\",\"name\":\"Meio Ambiente - Prefeitura Municipal de Parana\u00edba-MS\",\"isPartOf\":{\"@id\":\"https:\/\/www.paranaiba.ms.gov.br\/portal\/#website\"},\"datePublished\":\"2023-02-10T19:39:53+00:00\",\"dateModified\":\"2024-06-03T15:17:37+00:00\",\"breadcrumb\":{\"@id\":\"https:\/\/www.paranaiba.ms.gov.br\/portal\/secretaria-de-meio-ambiente\/#breadcrumb\"},\"inLanguage\":\"pt-BR\",\"potentialAction\":[{\"@type\":\"ReadAction\",\"target\":[\"https:\/\/www.paranaiba.ms.gov.br\/portal\/secretaria-de-meio-ambiente\/\"]}]},{\"@type\":\"BreadcrumbList\",\"@id\":\"https:\/\/www.paranaiba.ms.gov.br\/portal\/secretaria-de-meio-ambiente\/#breadcrumb\",\"itemListElement\":[{\"@type\":\"ListItem\",\"position\":1,\"name\":\"In\u00edcio\",\"item\":\"https:\/\/www.paranaiba.ms.gov.br\/portal\/\"},{\"@type\":\"ListItem\",\"position\":2,\"name\":\"Meio Ambiente\"}]},{\"@type\":\"WebSite\",\"@id\":\"https:\/\/www.paranaiba.ms.gov.br\/portal\/#website\",\"url\":\"https:\/\/www.paranaiba.ms.gov.br\/portal\/\",\"name\":\"Prefeitura Municipal de Parana\u00edba-MS\",\"description\":\"Prefeitura Municipal de Parana\u00edba-MS\",\"publisher\":{\"@id\":\"https:\/\/www.paranaiba.ms.gov.br\/portal\/#organization\"},\"potentialAction\":[{\"@type\":\"SearchAction\",\"target\":{\"@type\":\"EntryPoint\",\"urlTemplate\":\"https:\/\/www.paranaiba.ms.gov.br\/portal\/?s={search_term_string}\"},\"query-input\":{\"@type\":\"PropertyValueSpecification\",\"valueRequired\":true,\"valueName\":\"search_term_string\"}}],\"inLanguage\":\"pt-BR\"},{\"@type\":\"Organization\",\"@id\":\"https:\/\/www.paranaiba.ms.gov.br\/portal\/#organization\",\"name\":\"Prefeitura Municipal de Parana\u00edba-MS\",\"url\":\"https:\/\/www.paranaiba.ms.gov.br\/portal\/\",\"logo\":{\"@type\":\"ImageObject\",\"inLanguage\":\"pt-BR\",\"@id\":\"https:\/\/www.paranaiba.ms.gov.br\/portal\/#\/schema\/logo\/image\/\",\"url\":\"https:\/\/www.paranaiba.ms.gov.br\/portal\/wp-content\/uploads\/2022\/11\/logo-rodape02.webp\",\"contentUrl\":\"https:\/\/www.paranaiba.ms.gov.br\/portal\/wp-content\/uploads\/2022\/11\/logo-rodape02.webp\",\"width\":556,\"height\":492,\"caption\":\"Prefeitura Municipal de Parana\u00edba-MS\"},\"image\":{\"@id\":\"https:\/\/www.paranaiba.ms.gov.br\/portal\/#\/schema\/logo\/image\/\"}}]}<\/script>\n<!-- \/ Yoast SEO plugin. -->","yoast_head_json":{"title":"Meio Ambiente - Prefeitura Municipal de Parana\u00edba-MS","robots":{"index":"index","follow":"follow","max-snippet":"max-snippet:-1","max-image-preview":"max-image-preview:large","max-video-preview":"max-video-preview:-1"},"canonical":"https:\/\/www.paranaiba.ms.gov.br\/portal\/secretaria-de-meio-ambiente\/","twitter_misc":{"Est. tempo de leitura":"4 minutos"},"schema":{"@context":"https:\/\/schema.org","@graph":[{"@type":"WebPage","@id":"https:\/\/www.paranaiba.ms.gov.br\/portal\/secretaria-de-meio-ambiente\/","url":"https:\/\/www.paranaiba.ms.gov.br\/portal\/secretaria-de-meio-ambiente\/","name":"Meio Ambiente - Prefeitura Municipal de Parana\u00edba-MS","isPartOf":{"@id":"https:\/\/www.paranaiba.ms.gov.br\/portal\/#website"},"datePublished":"2023-02-10T19:39:53+00:00","dateModified":"2024-06-03T15:17:37+00:00","breadcrumb":{"@id":"https:\/\/www.paranaiba.ms.gov.br\/portal\/secretaria-de-meio-ambiente\/#breadcrumb"},"inLanguage":"pt-BR","potentialAction":[{"@type":"ReadAction","target":["https:\/\/www.paranaiba.ms.gov.br\/portal\/secretaria-de-meio-ambiente\/"]}]},{"@type":"BreadcrumbList","@id":"https:\/\/www.paranaiba.ms.gov.br\/portal\/secretaria-de-meio-ambiente\/#breadcrumb","itemListElement":[{"@type":"ListItem","position":1,"name":"In\u00edcio","item":"https:\/\/www.paranaiba.ms.gov.br\/portal\/"},{"@type":"ListItem","position":2,"name":"Meio Ambiente"}]},{"@type":"WebSite","@id":"https:\/\/www.paranaiba.ms.gov.br\/portal\/#website","url":"https:\/\/www.paranaiba.ms.gov.br\/portal\/","name":"Prefeitura Municipal de Parana\u00edba-MS","description":"Prefeitura Municipal de Parana\u00edba-MS","publisher":{"@id":"https:\/\/www.paranaiba.ms.gov.br\/portal\/#organization"},"potentialAction":[{"@type":"SearchAction","target":{"@type":"EntryPoint","urlTemplate":"https:\/\/www.paranaiba.ms.gov.br\/portal\/?s={search_term_string}"},"query-input":{"@type":"PropertyValueSpecification","valueRequired":true,"valueName":"search_term_string"}}],"inLanguage":"pt-BR"},{"@type":"Organization","@id":"https:\/\/www.paranaiba.ms.gov.br\/portal\/#organization","name":"Prefeitura Municipal de Parana\u00edba-MS","url":"https:\/\/www.paranaiba.ms.gov.br\/portal\/","logo":{"@type":"ImageObject","inLanguage":"pt-BR","@id":"https:\/\/www.paranaiba.ms.gov.br\/portal\/#\/schema\/logo\/image\/","url":"https:\/\/www.paranaiba.ms.gov.br\/portal\/wp-content\/uploads\/2022\/11\/logo-rodape02.webp","contentUrl":"https:\/\/www.paranaiba.ms.gov.br\/portal\/wp-content\/uploads\/2022\/11\/logo-rodape02.webp","width":556,"height":492,"caption":"Prefeitura Municipal de Parana\u00edba-MS"},"image":{"@id":"https:\/\/www.paranaiba.ms.gov.br\/portal\/#\/schema\/logo\/image\/"}}]}},"_links":{"self":[{"href":"https:\/\/www.paranaiba.ms.gov.br\/portal\/wp-json\/wp\/v2\/pages\/3963","targetHints":{"allow":["GET"]}}],"collection":[{"href":"https:\/\/www.paranaiba.ms.gov.br\/portal\/wp-json\/wp\/v2\/pages"}],"about":[{"href":"https:\/\/www.paranaiba.ms.gov.br\/portal\/wp-json\/wp\/v2\/types\/page"}],"author":[{"embeddable":true,"href":"https:\/\/www.paranaiba.ms.gov.br\/portal\/wp-json\/wp\/v2\/users\/6"}],"replies":[{"embeddable":true,"href":"https:\/\/www.paranaiba.ms.gov.br\/portal\/wp-json\/wp\/v2\/comments?post=3963"}],"version-history":[{"count":8,"href":"https:\/\/www.paranaiba.ms.gov.br\/portal\/wp-json\/wp\/v2\/pages\/3963\/revisions"}],"predecessor-version":[{"id":11343,"href":"https:\/\/www.paranaiba.ms.gov.br\/portal\/wp-json\/wp\/v2\/pages\/3963\/revisions\/11343"}],"wp:attachment":[{"href":"https:\/\/www.paranaiba.ms.gov.br\/portal\/wp-json\/wp\/v2\/media?parent=3963"}],"curies":[{"name":"wp","href":"https:\/\/api.w.org\/{rel}","templated":true}]}}