{"id":569,"date":"2022-06-17T08:49:05","date_gmt":"2022-06-17T11:49:05","guid":{"rendered":"https:\/\/www.paranaiba.ms.gov.br\/portal\/?page_id=569"},"modified":"2022-06-17T09:48:22","modified_gmt":"2022-06-17T12:48:22","slug":"acessibilidade","status":"publish","type":"page","link":"https:\/\/www.paranaiba.ms.gov.br\/portal\/acessibilidade\/","title":{"rendered":"Acessibilidade"},"content":{"rendered":"\n<h1 class=\"font34\"><strong>Acessibilidade<\/strong><\/h1>\n\n\n\n<p class=\"font16\">Para promover a acessibilidade, \u00e9 necess\u00e1rio criar pontes atrav\u00e9s de adapta\u00e7\u00f5es ao site para que o maior n\u00famero poss\u00edvel de pessoas tenha acesso ao conte\u00fado dele, de maneira simples, objetiva e intuitiva. Para isso, foram feitas adapta\u00e7\u00f5es ao layout inicial, que permitem algumas modifica\u00e7\u00f5es importantes, de acordo com a necessidade de quem o acessa.<\/p>\n\n\n\n<p class=\"font20\">Confira quais s\u00e3o essas modifica\u00e7\u00f5es e como acess\u00e1-las:<\/p>\n\n\n\n<h2 class=\"font20\">1 &#8211; Contraste&nbsp;<\/h2>\n\n\n\n<p class=\"font16\">O portal possibilita a altera\u00e7\u00e3o do contraste para facilitar o acesso a pessoas com baixa vis\u00e3o ou dalt\u00f4nicas. Para fazer a altera\u00e7\u00e3o do contraste da p\u00e1gina, clique na bolinha dividida, ao lado do nome \u201cAcessibilidade\u201d, no canto superior esquerdo. Para voltar a formata\u00e7\u00e3o anterior, clique novamente no mesmo \u00edcone.<\/p>\n\n\n\n<h2 class=\"font20\">2 &#8211; Tamanho de Fonte<\/h2>\n\n\n\n<p class=\"font16\">As pessoas que por necessidade ou prefer\u00eancia quiserem alterar o tamanho dos textos no site devem clicar no bot\u00e3o \u201cA+\u201d para aumentar o texto ou \u201cA-\u201d para diminu\u00ed-lo.<\/p>\n\n\n\n<p class=\"font16\">Al\u00e9m dessas modifica\u00e7\u00f5es personalizadas, o site da Prefeitura de Parana\u00edba tem tamb\u00e9m um design responsivo, o que faz com que o layout e as funcionalidades se adaptem nos diversos dispositivos de acesso.<br>Esse site pode ser utilizado com a extens\u00e3o do Vlibras para desktop. Confira mais sobre essa extens\u00e3o, que aciona um assistente virtual para tradu\u00e7\u00e3o de texto em libras acessando esse link: <a class=\"font16\" target=\"_blank\" href=\"https:\/\/www.gov.br\/governodigital\/pt-br\/vlibras\/\" rel=\"noopener\">https:\/\/www.gov.br\/governodigital\/pt-br\/vlibras\/<\/a><\/p>\n","protected":false},"excerpt":{"rendered":"<p>Acessibilidade Para promover a acessibilidade, \u00e9 necess\u00e1rio criar pontes atrav\u00e9s de adapta\u00e7\u00f5es ao site para que o maior n\u00famero poss\u00edvel de pessoas tenha acesso ao conte\u00fado dele, de maneira simples, objetiva e intuitiva. Para isso, foram feitas adapta\u00e7\u00f5es ao layout inicial, que permitem algumas modifica\u00e7\u00f5es importantes, de acordo com a necessidade de quem o acessa&#8230;.<\/p>\n","protected":false},"author":1,"featured_media":0,"parent":0,"menu_order":0,"comment_status":"closed","ping_status":"closed","template":"","meta":{"inline_featured_image":false,"footnotes":""},"class_list":["post-569","page","type-page","status-publish","hentry"],"acf":[],"yoast_head":"<!-- This site is optimized with the Yoast SEO plugin v24.0 - https:\/\/yoast.com\/wordpress\/plugins\/seo\/ -->\n<title>Acessibilidade - Prefeitura Municipal de Parana\u00edba-MS<\/title>\n<meta name=\"robots\" content=\"index, follow, max-snippet:-1, max-image-preview:large, max-video-preview:-1\" \/>\n<link rel=\"canonical\" href=\"https:\/\/www.paranaiba.ms.gov.br\/portal\/acessibilidade\/\" \/>\n<meta name=\"twitter:label1\" content=\"Est. tempo de leitura\" \/>\n\t<meta name=\"twitter:data1\" content=\"1 minuto\" \/>\n<script type=\"application\/ld+json\" class=\"yoast-schema-graph\">{\"@context\":\"https:\/\/schema.org\",\"@graph\":[{\"@type\":\"WebPage\",\"@id\":\"https:\/\/www.paranaiba.ms.gov.br\/portal\/acessibilidade\/\",\"url\":\"https:\/\/www.paranaiba.ms.gov.br\/portal\/acessibilidade\/\",\"name\":\"Acessibilidade - Prefeitura Municipal de Parana\u00edba-MS\",\"isPartOf\":{\"@id\":\"https:\/\/www.paranaiba.ms.gov.br\/portal\/#website\"},\"datePublished\":\"2022-06-17T11:49:05+00:00\",\"dateModified\":\"2022-06-17T12:48:22+00:00\",\"breadcrumb\":{\"@id\":\"https:\/\/www.paranaiba.ms.gov.br\/portal\/acessibilidade\/#breadcrumb\"},\"inLanguage\":\"pt-BR\",\"potentialAction\":[{\"@type\":\"ReadAction\",\"target\":[\"https:\/\/www.paranaiba.ms.gov.br\/portal\/acessibilidade\/\"]}]},{\"@type\":\"BreadcrumbList\",\"@id\":\"https:\/\/www.paranaiba.ms.gov.br\/portal\/acessibilidade\/#breadcrumb\",\"itemListElement\":[{\"@type\":\"ListItem\",\"position\":1,\"name\":\"In\u00edcio\",\"item\":\"https:\/\/www.paranaiba.ms.gov.br\/portal\/\"},{\"@type\":\"ListItem\",\"position\":2,\"name\":\"Acessibilidade\"}]},{\"@type\":\"WebSite\",\"@id\":\"https:\/\/www.paranaiba.ms.gov.br\/portal\/#website\",\"url\":\"https:\/\/www.paranaiba.ms.gov.br\/portal\/\",\"name\":\"Prefeitura Municipal de Parana\u00edba-MS\",\"description\":\"Prefeitura Municipal de Parana\u00edba-MS\",\"publisher\":{\"@id\":\"https:\/\/www.paranaiba.ms.gov.br\/portal\/#organization\"},\"potentialAction\":[{\"@type\":\"SearchAction\",\"target\":{\"@type\":\"EntryPoint\",\"urlTemplate\":\"https:\/\/www.paranaiba.ms.gov.br\/portal\/?s={search_term_string}\"},\"query-input\":{\"@type\":\"PropertyValueSpecification\",\"valueRequired\":true,\"valueName\":\"search_term_string\"}}],\"inLanguage\":\"pt-BR\"},{\"@type\":\"Organization\",\"@id\":\"https:\/\/www.paranaiba.ms.gov.br\/portal\/#organization\",\"name\":\"Prefeitura Municipal de Parana\u00edba-MS\",\"url\":\"https:\/\/www.paranaiba.ms.gov.br\/portal\/\",\"logo\":{\"@type\":\"ImageObject\",\"inLanguage\":\"pt-BR\",\"@id\":\"https:\/\/www.paranaiba.ms.gov.br\/portal\/#\/schema\/logo\/image\/\",\"url\":\"https:\/\/www.paranaiba.ms.gov.br\/portal\/wp-content\/uploads\/2022\/11\/logo-rodape02.webp\",\"contentUrl\":\"https:\/\/www.paranaiba.ms.gov.br\/portal\/wp-content\/uploads\/2022\/11\/logo-rodape02.webp\",\"width\":556,\"height\":492,\"caption\":\"Prefeitura Municipal de Parana\u00edba-MS\"},\"image\":{\"@id\":\"https:\/\/www.paranaiba.ms.gov.br\/portal\/#\/schema\/logo\/image\/\"}}]}<\/script>\n<!-- \/ Yoast SEO plugin. -->","yoast_head_json":{"title":"Acessibilidade - Prefeitura Municipal de Parana\u00edba-MS","robots":{"index":"index","follow":"follow","max-snippet":"max-snippet:-1","max-image-preview":"max-image-preview:large","max-video-preview":"max-video-preview:-1"},"canonical":"https:\/\/www.paranaiba.ms.gov.br\/portal\/acessibilidade\/","twitter_misc":{"Est. tempo de leitura":"1 minuto"},"schema":{"@context":"https:\/\/schema.org","@graph":[{"@type":"WebPage","@id":"https:\/\/www.paranaiba.ms.gov.br\/portal\/acessibilidade\/","url":"https:\/\/www.paranaiba.ms.gov.br\/portal\/acessibilidade\/","name":"Acessibilidade - Prefeitura Municipal de Parana\u00edba-MS","isPartOf":{"@id":"https:\/\/www.paranaiba.ms.gov.br\/portal\/#website"},"datePublished":"2022-06-17T11:49:05+00:00","dateModified":"2022-06-17T12:48:22+00:00","breadcrumb":{"@id":"https:\/\/www.paranaiba.ms.gov.br\/portal\/acessibilidade\/#breadcrumb"},"inLanguage":"pt-BR","potentialAction":[{"@type":"ReadAction","target":["https:\/\/www.paranaiba.ms.gov.br\/portal\/acessibilidade\/"]}]},{"@type":"BreadcrumbList","@id":"https:\/\/www.paranaiba.ms.gov.br\/portal\/acessibilidade\/#breadcrumb","itemListElement":[{"@type":"ListItem","position":1,"name":"In\u00edcio","item":"https:\/\/www.paranaiba.ms.gov.br\/portal\/"},{"@type":"ListItem","position":2,"name":"Acessibilidade"}]},{"@type":"WebSite","@id":"https:\/\/www.paranaiba.ms.gov.br\/portal\/#website","url":"https:\/\/www.paranaiba.ms.gov.br\/portal\/","name":"Prefeitura Municipal de Parana\u00edba-MS","description":"Prefeitura Municipal de Parana\u00edba-MS","publisher":{"@id":"https:\/\/www.paranaiba.ms.gov.br\/portal\/#organization"},"potentialAction":[{"@type":"SearchAction","target":{"@type":"EntryPoint","urlTemplate":"https:\/\/www.paranaiba.ms.gov.br\/portal\/?s={search_term_string}"},"query-input":{"@type":"PropertyValueSpecification","valueRequired":true,"valueName":"search_term_string"}}],"inLanguage":"pt-BR"},{"@type":"Organization","@id":"https:\/\/www.paranaiba.ms.gov.br\/portal\/#organization","name":"Prefeitura Municipal de Parana\u00edba-MS","url":"https:\/\/www.paranaiba.ms.gov.br\/portal\/","logo":{"@type":"ImageObject","inLanguage":"pt-BR","@id":"https:\/\/www.paranaiba.ms.gov.br\/portal\/#\/schema\/logo\/image\/","url":"https:\/\/www.paranaiba.ms.gov.br\/portal\/wp-content\/uploads\/2022\/11\/logo-rodape02.webp","contentUrl":"https:\/\/www.paranaiba.ms.gov.br\/portal\/wp-content\/uploads\/2022\/11\/logo-rodape02.webp","width":556,"height":492,"caption":"Prefeitura Municipal de Parana\u00edba-MS"},"image":{"@id":"https:\/\/www.paranaiba.ms.gov.br\/portal\/#\/schema\/logo\/image\/"}}]}},"_links":{"self":[{"href":"https:\/\/www.paranaiba.ms.gov.br\/portal\/wp-json\/wp\/v2\/pages\/569","targetHints":{"allow":["GET"]}}],"collection":[{"href":"https:\/\/www.paranaiba.ms.gov.br\/portal\/wp-json\/wp\/v2\/pages"}],"about":[{"href":"https:\/\/www.paranaiba.ms.gov.br\/portal\/wp-json\/wp\/v2\/types\/page"}],"author":[{"embeddable":true,"href":"https:\/\/www.paranaiba.ms.gov.br\/portal\/wp-json\/wp\/v2\/users\/1"}],"replies":[{"embeddable":true,"href":"https:\/\/www.paranaiba.ms.gov.br\/portal\/wp-json\/wp\/v2\/comments?post=569"}],"version-history":[{"count":11,"href":"https:\/\/www.paranaiba.ms.gov.br\/portal\/wp-json\/wp\/v2\/pages\/569\/revisions"}],"predecessor-version":[{"id":581,"href":"https:\/\/www.paranaiba.ms.gov.br\/portal\/wp-json\/wp\/v2\/pages\/569\/revisions\/581"}],"wp:attachment":[{"href":"https:\/\/www.paranaiba.ms.gov.br\/portal\/wp-json\/wp\/v2\/media?parent=569"}],"curies":[{"name":"wp","href":"https:\/\/api.w.org\/{rel}","templated":true}]}}